{"id":6322,"date":"2025-03-15T22:08:13","date_gmt":"2025-03-15T21:08:13","guid":{"rendered":"https:\/\/teselainnova.com\/prestations-de-service\/lame-mince\/"},"modified":"2025-03-16T11:58:19","modified_gmt":"2025-03-16T10:58:19","slug":"lame-mince","status":"publish","type":"page","link":"https:\/\/teselainnova.com\/fr\/prestations-de-service\/lame-mince\/","title":{"rendered":"Laboratoire de lames minces"},"content":{"rendered":"\n<h3 class=\"wp-block-heading alignwide\" id=\"we-re-a-studio-in-berlin-with-an-international-practice-in-architecture-urban-planning-and-interior-design-we-believe-in-sharing-knowledge-and-promoting-dialogue-to-increase-the-creative-potential-of-collaboration\" style=\"font-size:48px;line-height:1.1\">QU&rsquo;EST-CE QU&rsquo;UNE LAME MINCE ?<\/h3>\n\n<p>Il s&rsquo;agit d&rsquo;\u00e9chantillons de roches ou de min\u00e9raux coup\u00e9s et polis \u00e0 une \u00e9paisseur de 30 microm\u00e8tres (\u00b5m), permettant \u00e0 la lumi\u00e8re de les traverser. Ils se pr\u00eatent donc parfaitement \u00e0 l&rsquo;\u00e9tude par microscopie p\u00e9trographique \u00e0 lumi\u00e8re transmise, qui r\u00e9v\u00e8le leur composition et les processus g\u00e9ologiques.  <\/p>\n\n<h3 class=\"wp-block-heading\">\u00c0 QUOI SERVENT-ILS ?<\/h3>\n\n<p>Les lame minces permettent une analyse d\u00e9taill\u00e9e de l&rsquo;histoire et de la formation des roches et sont essentielles pour l&rsquo;analyse de l&rsquo;histoire et de la formation des roches :<\/p>\n\n<p>\u2714\ufe0f Identification des min\u00e9raux : propri\u00e9t\u00e9s optiques telles que la couleur, la bir\u00e9fringence et l&rsquo;extinction.<br\/>\u2714\ufe0f Classification des roches : diff\u00e9renciation entre roches ign\u00e9es, s\u00e9dimentaires et m\u00e9tamorphiques. <br\/>\u2714\ufe0f \u00c9tude des textures et des structures : relations entre les min\u00e9raux et les processus g\u00e9ologiques. <br\/>\u2714\ufe0f Analyse de l&rsquo;origine et de l&rsquo;\u00e9volution g\u00e9ologiques : processus tels que la cristallisation, la d\u00e9formation et le m\u00e9tamorphisme. <br\/>\u2714\ufe0f Applications dans le domaine de l&rsquo;exploitation et de la prospection mini\u00e8res : identification des min\u00e9raux ayant une valeur \u00e9conomique. <\/p>\n\n<h3 class=\"wp-block-heading\">QUI A BESOIN DE LAMES MINCES ?<\/h3>\n\n<p>Ce service est essentiel pour diff\u00e9rents profils professionnels, notamment :<\/p>\n\n<p>\ud83d\udd38 G\u00e9ologues et p\u00e9trophysiciens : Analyse des roches dans l&rsquo;exploration des hydrocarbures et la g\u00e9ologie structurale. <br\/>\ud83d\udd38 G\u00e9ochimie : \u00e9tude de la composition chimique et des processus g\u00e9ochimiques. <br\/>\ud83d\udd38 Pal\u00e9ontologues et arch\u00e9ologues : Identification des fossiles microscopiques et des environnements anciens. <br\/>\ud83d\udd38 Exploitation mini\u00e8re : \u00e9valuation des gisements et caract\u00e9risation min\u00e9ralogique. <\/p>\n\n<p><\/p>\n","protected":false},"excerpt":{"rendered":"<p>QU&rsquo;EST-CE QU&rsquo;UNE LAME MINCE ? Il s&rsquo;agit d&rsquo;\u00e9chantillons de roches ou de min\u00e9raux coup\u00e9s et polis \u00e0 une \u00e9paisseur de 30 microm\u00e8tres (\u00b5m), permettant \u00e0 la lumi\u00e8re de les traverser. Ils se pr\u00eatent donc parfaitement \u00e0 l&rsquo;\u00e9tude par microscopie p\u00e9trographique \u00e0 lumi\u00e8re transmise, qui r\u00e9v\u00e8le leur composition et les processus g\u00e9ologiques. \u00c0 QUOI SERVENT-ILS ? [&hellip;]<\/p>\n","protected":false},"author":5,"featured_media":6030,"parent":2102,"menu_order":0,"comment_status":"closed","ping_status":"closed","template":"page-ambito-children.php","meta":{"_acf_changed":false,"footnotes":""},"class_list":["post-6322","page","type-page","status-publish","has-post-thumbnail","hentry"],"acf":[],"_links":{"self":[{"href":"https:\/\/teselainnova.com\/fr\/wp-json\/wp\/v2\/pages\/6322","targetHints":{"allow":["GET"]}}],"collection":[{"href":"https:\/\/teselainnova.com\/fr\/wp-json\/wp\/v2\/pages"}],"about":[{"href":"https:\/\/teselainnova.com\/fr\/wp-json\/wp\/v2\/types\/page"}],"author":[{"embeddable":true,"href":"https:\/\/teselainnova.com\/fr\/wp-json\/wp\/v2\/users\/5"}],"replies":[{"embeddable":true,"href":"https:\/\/teselainnova.com\/fr\/wp-json\/wp\/v2\/comments?post=6322"}],"version-history":[{"count":0,"href":"https:\/\/teselainnova.com\/fr\/wp-json\/wp\/v2\/pages\/6322\/revisions"}],"up":[{"embeddable":true,"href":"https:\/\/teselainnova.com\/fr\/wp-json\/wp\/v2\/pages\/2102"}],"wp:featuredmedia":[{"embeddable":true,"href":"https:\/\/teselainnova.com\/fr\/wp-json\/wp\/v2\/media\/6030"}],"wp:attachment":[{"href":"https:\/\/teselainnova.com\/fr\/wp-json\/wp\/v2\/media?parent=6322"}],"curies":[{"name":"wp","href":"https:\/\/api.w.org\/{rel}","templated":true}]}}