{"id":3912,"date":"2023-05-31T17:11:39","date_gmt":"2023-05-31T15:11:39","guid":{"rendered":"https:\/\/teselainnova.com\/areas\/materiau-construction-innovants\/"},"modified":"2024-04-22T17:43:23","modified_gmt":"2024-04-22T15:43:23","slug":"materiau-construction-innovants","status":"publish","type":"page","link":"https:\/\/teselainnova.com\/fr\/prestations-de-service\/materiau-construction-innovants\/","title":{"rendered":"D\u00e9veloppement de mat\u00e9riaux de construction"},"content":{"rendered":"\n<p>Vous \u00eates-vous d\u00e9j\u00e0 demand\u00e9 comment les progr\u00e8s r\u00e9alis\u00e9s dans le domaine des mat\u00e9riaux de construction pouvaient transformer le monde qui nous entoure ? L&rsquo;innovation dans les mat\u00e9riaux de construction n&rsquo;est pas seulement une tendance, c&rsquo;est une n\u00e9cessit\u00e9 pour un avenir durable et efficace. Chez TESELA, nous sommes \u00e0 l&rsquo;avant-garde de cette r\u00e9volution, en proposant des solutions innovantes qui font la diff\u00e9rence.<\/p>\n\n<h2 class=\"wp-block-heading\">Innovation dans les mat\u00e9riaux de construction<\/h2>\n  <div id=\"accordion-block_d7a2ef6575efdc674d69ed4c4e72ed24\" class=\"c-block-accordion alignwide\">\n    <div class=\"c-faqs\">\n                <div class=\"c-faqs__item is-active\">\n            <div class=\"c-faqs__item-question\">\n              Qu&rsquo;est-ce que l&rsquo;innovation dans les mat\u00e9riaux de construction ?             <\/div>\n            <div class=\"c-faqs__item-answer\">\n              <p class=\"Textbody\">L&rsquo;innovation dans les mat\u00e9riaux de construction consiste \u00e0 d\u00e9velopper et \u00e0 utiliser de nouveaux mat\u00e9riaux ou \u00e0 am\u00e9liorer les mat\u00e9riaux existants afin d&rsquo;accro\u00eetre l&rsquo;efficacit\u00e9, la durabilit\u00e9 et la p\u00e9rennit\u00e9 des b\u00e2timents. Ces mat\u00e9riaux doivent \u00eatre non seulement sup\u00e9rieurs sur le plan fonctionnel, mais aussi respectueux de l&rsquo;environnement.<\/p>\n<h3>Importance des mat\u00e9riaux innovants<\/h3>\n<p class=\"Textbody\">Les mat\u00e9riaux de construction innovants sont essentiels pour relever les d\u00e9fis contemporains tels que le changement climatique, l&rsquo;urbanisation et la n\u00e9cessit\u00e9 de construire des b\u00e2timents plus s\u00fbrs et plus durables. En optant pour ces mat\u00e9riaux, les entreprises am\u00e9liorent non seulement la qualit\u00e9 de leurs projets, mais contribuent \u00e9galement au bien-\u00eatre de la plan\u00e8te.<\/p>\n            <\/div>\n          <\/div>\n                <div class=\"c-faqs__item\">\n            <div class=\"c-faqs__item-question\">\n              Comment TESELA m\u00e8ne l&rsquo;innovation dans la construction            <\/div>\n            <div class=\"c-faqs__item-answer\">\n              <p>Chez TESELA, notre mission est de d\u00e9velopper des produits \u00e0 partir de mati\u00e8res premi\u00e8res et de ressources diverses pour cr\u00e9er des solutions innovantes. Nous nous consacrons \u00e0 la recherche et au d\u00e9veloppement de mat\u00e9riaux qui non seulement r\u00e9pondent aux attentes de nos clients, mais \u00e9tablissent \u00e9galement de nouvelles normes dans l&rsquo;industrie.<\/p>\n<h3>Notre processus d&rsquo;innovation<\/h3>\n<p>Le processus d&rsquo;innovation \u00e0 TESELA comprend les \u00e9l\u00e9ments suivants :<\/p>\n<ul>\n<li>Recherche et d\u00e9veloppement : nous explorons constamment de nouvelles mati\u00e8res premi\u00e8res et de nouvelles technologies.<\/li>\n<li>Essais et validation : chaque nouveau mat\u00e9riau est soumis \u00e0 des essais rigoureux pour en garantir la qualit\u00e9 et les performances.<\/li>\n<li>Collaboration avec des experts : nous travaillons main dans la main avec des architectes, des restaurateurs et des \u00e9quipes de gestion de sites.<\/li>\n<\/ul>\n<h3>Marquage CE : engagement en faveur de la qualit\u00e9<\/h3>\n<p>Todos los materiales de construcci\u00f3n que desarrollamos en TESELA cuentan con el marcado CE, que garantiza su conformidad con las normas de seguridad, salud y protecci\u00f3n del medio ambiente de la Uni\u00f3n Europea. Cela t\u00e9moigne de notre engagement en faveur de la qualit\u00e9 et de l&rsquo;innovation.<\/p>\n<h3>Des solutions personnalis\u00e9es pour les clients<\/h3>\n<p>Nous comprenons que chaque projet est unique. C&rsquo;est pourquoi nous proposons des solutions personnalis\u00e9es pour r\u00e9pondre aux besoins sp\u00e9cifiques de nos clients, qu&rsquo;il s&rsquo;agisse d&rsquo;architectes, de restaurateurs ou d&rsquo;\u00e9quipes de gestion de sites. Notre gamme de produits innovants est con\u00e7ue pour r\u00e9pondre aux diff\u00e9rents besoins et d\u00e9fis en mati\u00e8re de construction.<\/p>\n            <\/div>\n          <\/div>\n                <div class=\"c-faqs__item\">\n            <div class=\"c-faqs__item-question\">\n              Avantages du choix de mat\u00e9riaux de construction innovants             <\/div>\n            <div class=\"c-faqs__item-answer\">\n              <p>Le choix de mat\u00e9riaux de construction innovants pr\u00e9sente de nombreux avantages :<\/p>\n<ul>\n<li>Durabilit\u00e9 : mat\u00e9riaux respectueux de l&rsquo;environnement qui r\u00e9duisent l&#8217;empreinte carbone.<\/li>\n<li>Durabilit\u00e9 et r\u00e9sistance : des mat\u00e9riaux plus solides et plus durables qui prolongent la dur\u00e9e de vie des b\u00e2timents.<\/li>\n<li>Efficacit\u00e9 \u00e9nerg\u00e9tique : mat\u00e9riaux qui am\u00e9liorent l&rsquo;isolation et r\u00e9duisent la consommation d&rsquo;\u00e9nergie.<\/li>\n<li>Esth\u00e9tique et polyvalence : de nouvelles textures et couleurs qui \u00e9largissent les possibilit\u00e9s de conception.<\/li>\n<\/ul>\n<p>&nbsp;<\/p>\n<h3>Comment savoir si un mat\u00e9riau est r\u00e9ellement innovant ?<\/h3>\n<p>Lorsque l&rsquo;on recherche des mat\u00e9riaux innovants, il est important de tenir compte de leur impact sur l&rsquo;environnement, de la technologie utilis\u00e9e pour leur fabrication et de leur performance \u00e0 long terme. Chez TESELA, nous garantissons que chaque produit r\u00e9pond \u00e0 ces crit\u00e8res et offre les derni\u00e8res innovations.<\/p>\n            <\/div>\n          <\/div>\n                <div class=\"c-faqs__item\">\n            <div class=\"c-faqs__item-question\">\n              Construire un meilleur avenir avec TESELA             <\/div>\n            <div class=\"c-faqs__item-answer\">\n              <p class=\"Textbody\">L&rsquo;innovation dans les mat\u00e9riaux de construction est plus qu&rsquo;une avanc\u00e9e technologique, c&rsquo;est un pas vers un avenir plus durable et plus efficace. Chez TESELA, nous nous engageons \u00e0 respecter cette vision, en offrant des mat\u00e9riaux qui non seulement r\u00e9pondent aux attentes d&rsquo;aujourd&rsquo;hui, mais d\u00e9finissent \u00e9galement celles de demain. Si vous \u00eates pr\u00eat \u00e0 faire passer vos projets \u00e0 la vitesse sup\u00e9rieure gr\u00e2ce \u00e0 des solutions innovantes et durables, TESELA est votre partenaire id\u00e9al. Appelez-nous pour plus d&rsquo;informations et d\u00e9couvrez comment nous pouvons vous aider \u00e0 construire un avenir meilleur.<\/p>\n            <\/div>\n          <\/div>\n          <\/div>\n\n  <\/div>\n","protected":false},"excerpt":{"rendered":"<p>Vous \u00eates-vous d\u00e9j\u00e0 demand\u00e9 comment les progr\u00e8s r\u00e9alis\u00e9s dans le domaine des mat\u00e9riaux de construction pouvaient transformer le monde qui nous entoure ? L&rsquo;innovation dans les mat\u00e9riaux de construction n&rsquo;est pas seulement une tendance, c&rsquo;est une n\u00e9cessit\u00e9 pour un avenir durable et efficace. Chez TESELA, nous sommes \u00e0 l&rsquo;avant-garde de cette r\u00e9volution, en proposant des [&hellip;]<\/p>\n","protected":false},"author":1,"featured_media":5374,"parent":2102,"menu_order":4,"comment_status":"closed","ping_status":"closed","template":"page-ambito-children.php","meta":{"_acf_changed":false,"footnotes":""},"class_list":["post-3912","page","type-page","status-publish","has-post-thumbnail","hentry"],"acf":[],"_links":{"self":[{"href":"https:\/\/teselainnova.com\/fr\/wp-json\/wp\/v2\/pages\/3912","targetHints":{"allow":["GET"]}}],"collection":[{"href":"https:\/\/teselainnova.com\/fr\/wp-json\/wp\/v2\/pages"}],"about":[{"href":"https:\/\/teselainnova.com\/fr\/wp-json\/wp\/v2\/types\/page"}],"author":[{"embeddable":true,"href":"https:\/\/teselainnova.com\/fr\/wp-json\/wp\/v2\/users\/1"}],"replies":[{"embeddable":true,"href":"https:\/\/teselainnova.com\/fr\/wp-json\/wp\/v2\/comments?post=3912"}],"version-history":[{"count":0,"href":"https:\/\/teselainnova.com\/fr\/wp-json\/wp\/v2\/pages\/3912\/revisions"}],"up":[{"embeddable":true,"href":"https:\/\/teselainnova.com\/fr\/wp-json\/wp\/v2\/pages\/2102"}],"wp:featuredmedia":[{"embeddable":true,"href":"https:\/\/teselainnova.com\/fr\/wp-json\/wp\/v2\/media\/5374"}],"wp:attachment":[{"href":"https:\/\/teselainnova.com\/fr\/wp-json\/wp\/v2\/media?parent=3912"}],"curies":[{"name":"wp","href":"https:\/\/api.w.org\/{rel}","templated":true}]}}