{"id":3871,"date":"2023-05-31T17:18:34","date_gmt":"2023-05-31T15:18:34","guid":{"rendered":"https:\/\/teselainnova.com\/offre-de-service\/infrastructures\/"},"modified":"2024-09-03T11:36:39","modified_gmt":"2024-09-03T09:36:39","slug":"nos-installations","status":"publish","type":"page","link":"https:\/\/teselainnova.com\/fr\/tesela\/nos-installations\/","title":{"rendered":"Nos installations"},"content":{"rendered":"\n<p> <\/p>\n\n<div class=\"wp-block-columns is-layout-flex wp-container-core-columns-is-layout-28f84493 wp-block-columns-is-layout-flex\">\n<div class=\"wp-block-column is-layout-flow wp-block-column-is-layout-flow\">\n<figure class=\"wp-block-image size-full is-resized\"><img decoding=\"async\" width=\"1024\" height=\"768\" src=\"https:\/\/teselainnova.com\/wp-content\/uploads\/2023\/10\/image-1.webp\" alt=\"L&#039;image a un attribut ALT vide ; son nom de fichier est OF4-jpeg.webp\" class=\"wp-image-2611\" style=\"aspect-ratio:1.8422712933753944;width:552px;height:auto\" title=\"\" srcset=\"https:\/\/teselainnova.com\/wp-content\/uploads\/2023\/10\/image-1.webp 1024w, https:\/\/teselainnova.com\/wp-content\/uploads\/2023\/10\/image-1-300x225.webp 300w, https:\/\/teselainnova.com\/wp-content\/uploads\/2023\/10\/image-1-768x576.webp 768w\" sizes=\"(max-width: 1024px) 100vw, 1024px\" \/><\/figure>\n<\/div>\n\n\n\n<div class=\"wp-block-column is-layout-flow wp-block-column-is-layout-flow\">\n<h5 class=\"wp-block-heading\"><\/h5>\n\n\n\n<div class=\"wp-block-group is-layout-constrained wp-block-group-is-layout-constrained\">\n<div class=\"wp-block-group is-layout-constrained wp-block-group-is-layout-constrained\">\n<p>TESELA dispose de ses propres installations situ\u00e9es dans le Cluster andalou de la construction durable \u00e0 Padul, o\u00f9 elle dispose de bureaux et de deux laboratoires \u00e9quip\u00e9s des derni\u00e8res technologies pour r\u00e9aliser des \u00e9tudes de recherche sur les mati\u00e8res premi\u00e8res, les argiles, les mortiers, les b\u00e9tons, les ciments, les chaux, les pl\u00e2tres, les silicates, les argiles, les polym\u00e8res, les rev\u00eatements, les consolidants, etc. ainsi que pour caract\u00e9riser les propri\u00e9t\u00e9s \u00e0 l&rsquo;\u00e9tat frais et durci, essentielles pour le d\u00e9veloppement appliqu\u00e9 de produits et de solutions de march\u00e9 pour les clients.<\/p>\n<\/div>\n<\/div>\n<\/div>\n<\/div>\n\n<div class=\"wp-block-columns is-layout-flex wp-container-core-columns-is-layout-28f84493 wp-block-columns-is-layout-flex\">\n<div class=\"wp-block-column is-layout-flow wp-block-column-is-layout-flow\">\n<h5 class=\"wp-block-heading\"><\/h5>\n\n\n\n<p>En outre, TESELA a acc\u00e8s \u00e0 de nombreux instruments scientifiques situ\u00e9s dans diff\u00e9rents centres avec lesquels nous avons \u00e9tabli diff\u00e9rents accords de collaboration :<\/p>\n\n\n\n<div class=\"wp-block-group is-layout-constrained wp-block-group-is-layout-constrained\">\n<div class=\"wp-block-group is-layout-constrained wp-block-group-is-layout-constrained\">\n<ul class=\"wp-block-list\">\n<li>D\u00e9partement Min\u00e9ralogie et p\u00e9trologie de l&rsquo;Universit\u00e9 de Grenade<\/li>\n\n\n\n<li>Centre d&rsquo;instrumentation scientifique. <\/li>\n\n\n\n<li>Universit\u00e9 de Grenade <\/li>\n\n\n\n<li>Centres de technologie<\/li>\n<\/ul>\n<\/div>\n<\/div>\n<\/div>\n\n\n\n<div class=\"wp-block-column is-layout-flow wp-block-column-is-layout-flow\">\n<figure class=\"wp-block-image size-full\"><img decoding=\"async\" width=\"1024\" height=\"768\" src=\"https:\/\/teselainnova.com\/wp-content\/uploads\/2023\/10\/image-2.webp\" alt=\"L&#039;image a un attribut ALT vide ; son nom de fichier est OF1-jpeg.webp\" class=\"wp-image-2614\" title=\"\" srcset=\"https:\/\/teselainnova.com\/wp-content\/uploads\/2023\/10\/image-2.webp 1024w, https:\/\/teselainnova.com\/wp-content\/uploads\/2023\/10\/image-2-300x225.webp 300w, https:\/\/teselainnova.com\/wp-content\/uploads\/2023\/10\/image-2-768x576.webp 768w\" sizes=\"(max-width: 1024px) 100vw, 1024px\" \/><\/figure>\n<\/div>\n<\/div>\n","protected":false},"excerpt":{"rendered":"<p>TESELA dispose de ses propres installations situ\u00e9es dans le Cluster andalou de la construction durable \u00e0 Padul, o\u00f9 elle dispose de bureaux et de deux laboratoires \u00e9quip\u00e9s des derni\u00e8res technologies pour r\u00e9aliser des \u00e9tudes de recherche sur les mati\u00e8res premi\u00e8res, les argiles, les mortiers, les b\u00e9tons, les ciments, les chaux, les pl\u00e2tres, les silicates, les [&hellip;]<\/p>\n","protected":false},"author":1,"featured_media":5411,"parent":2098,"menu_order":3,"comment_status":"closed","ping_status":"closed","template":"","meta":{"_acf_changed":false,"footnotes":""},"class_list":["post-3871","page","type-page","status-publish","has-post-thumbnail","hentry"],"acf":[],"_links":{"self":[{"href":"https:\/\/teselainnova.com\/fr\/wp-json\/wp\/v2\/pages\/3871","targetHints":{"allow":["GET"]}}],"collection":[{"href":"https:\/\/teselainnova.com\/fr\/wp-json\/wp\/v2\/pages"}],"about":[{"href":"https:\/\/teselainnova.com\/fr\/wp-json\/wp\/v2\/types\/page"}],"author":[{"embeddable":true,"href":"https:\/\/teselainnova.com\/fr\/wp-json\/wp\/v2\/users\/1"}],"replies":[{"embeddable":true,"href":"https:\/\/teselainnova.com\/fr\/wp-json\/wp\/v2\/comments?post=3871"}],"version-history":[{"count":0,"href":"https:\/\/teselainnova.com\/fr\/wp-json\/wp\/v2\/pages\/3871\/revisions"}],"up":[{"embeddable":true,"href":"https:\/\/teselainnova.com\/fr\/wp-json\/wp\/v2\/pages\/2098"}],"wp:featuredmedia":[{"embeddable":true,"href":"https:\/\/teselainnova.com\/fr\/wp-json\/wp\/v2\/media\/5411"}],"wp:attachment":[{"href":"https:\/\/teselainnova.com\/fr\/wp-json\/wp\/v2\/media?parent=3871"}],"curies":[{"name":"wp","href":"https:\/\/api.w.org\/{rel}","templated":true}]}}