{"id":2821,"date":"2023-05-31T17:18:31","date_gmt":"2023-05-31T15:18:31","guid":{"rendered":"https:\/\/teselainnova.com\/offre-de-service\/services-de-laboratoires\/"},"modified":"2025-03-16T11:56:34","modified_gmt":"2025-03-16T10:56:34","slug":"laboratoire-materiaux-construction","status":"publish","type":"page","link":"https:\/\/teselainnova.com\/fr\/prestations-de-service\/laboratoire-materiaux-construction\/","title":{"rendered":"Analyse des mat\u00e9riaux de construction"},"content":{"rendered":"\n<p>Chez TESELA, nous sommes \u00e0 la pointe du d\u00e9veloppement et de l&rsquo;analyse des mat\u00e9riaux de construction depuis plus de 25 ans, et nous comprenons donc l&rsquo;importance cruciale des mat\u00e9riaux dans tout projet de construction. Notre laboratoire de mat\u00e9riaux de construction a pour mission de garantir la qualit\u00e9 et les performances les plus \u00e9lev\u00e9es pour tous les mat\u00e9riaux que nous d\u00e9veloppons, certifions et validons. Avec une \u00e9quipe pluridisciplinaire compos\u00e9e de chimistes, d&rsquo;ing\u00e9nieurs, d&rsquo;historiens de l&rsquo;art, de m\u00e9decins et de g\u00e9ologues, nous nous attachons \u00e0 fournir des solutions innovantes et efficaces pour chacun de vos projets.<\/p>\n\n<h2>Notre engagement en faveur de la qualit\u00e9 et de l&rsquo;innovation<\/h2>\n\n<p>Notre laboratoire de mat\u00e9riaux de construction se concentre non seulement sur le d\u00e9veloppement de nouveaux produits, mais aussi sur la certification et la validation des mat\u00e9riaux, processus et produits existants. Tous nos mat\u00e9riaux sont marqu\u00e9s CE, ce qui t\u00e9moigne de notre engagement \u00e0 respecter les normes les plus strictes en mati\u00e8re de qualit\u00e9 et de s\u00e9curit\u00e9.<\/p>\n\n<p>Une \u00e9quipe pluridisciplinaire d&rsquo;experts, compos\u00e9e de chimistes, d&rsquo;ing\u00e9nieurs, d&rsquo;historiens de l&rsquo;art, de m\u00e9decins et de g\u00e9ologues, y travaille sans rel\u00e2che pour mettre au point des mat\u00e9riaux qui non seulement r\u00e9pondent aux attentes de nos clients, mais les d\u00e9passent.<\/p>\n\n<h2>Services offerts dans notre laboratoire<\/h2>\n\n<p>Notre laboratoire est \u00e9quip\u00e9 pour effectuer une large gamme d&rsquo;analyses et de tests, garantissant que chaque mat\u00e9riau r\u00e9pond aux attentes de nos clients et aux r\u00e9glementations en vigueur.<\/p>\n\n<p><\/p>\n\n<div class=\"wp-block-columns is-layout-flex wp-container-core-columns-is-layout-28f84493 wp-block-columns-is-layout-flex\">\n<div class=\"wp-block-column is-layout-flow wp-block-column-is-layout-flow\">\n<figure class=\"wp-block-image size-large is-resized\"><img decoding=\"async\" width=\"1024\" height=\"558\" src=\"https:\/\/teselainnova.com\/wp-content\/uploads\/2023\/06\/9-1024x558.webp\" alt=\"\" class=\"wp-image-973\" style=\"aspect-ratio:1.8422712933753944;width:643px;height:auto\" title=\"\" srcset=\"https:\/\/teselainnova.com\/wp-content\/uploads\/2023\/06\/9-1024x558.webp 1024w, https:\/\/teselainnova.com\/wp-content\/uploads\/2023\/06\/9-300x163.webp 300w, https:\/\/teselainnova.com\/wp-content\/uploads\/2023\/06\/9-768x419.webp 768w, https:\/\/teselainnova.com\/wp-content\/uploads\/2023\/06\/9-1536x837.webp 1536w, https:\/\/teselainnova.com\/wp-content\/uploads\/2023\/06\/9-2048x1116.webp 2048w\" sizes=\"(max-width: 1024px) 100vw, 1024px\" \/><\/figure>\n<\/div>\n\n\n\n<div class=\"wp-block-column is-layout-flow wp-block-column-is-layout-flow\">\n<h3>Analyses et essais en laboratoire<\/h3>\n\n\n\n<div class=\"wp-block-group is-layout-constrained wp-block-group-is-layout-constrained\">\n<div class=\"wp-block-group is-layout-constrained wp-block-group-is-layout-constrained\">\n<p>Les nombreux tests que nous effectuons sont les suivants<\/p>\n\n\n\n<ul class=\"wp-block-list\">\n<li><strong>Caract\u00e9risation des mat\u00e9riaux :<\/strong> comprendre en profondeur les propri\u00e9t\u00e9s et le comportement des mat\u00e9riaux utilis\u00e9s. Cela signifie que nous \u00e9valuons non seulement les propri\u00e9t\u00e9s physiques et chimiques des mat\u00e9riaux, mais aussi leur comportement et leur durabilit\u00e9 dans diverses conditions.<\/li>\n\n\n\n<li><strong>D\u00e9termination des formes d&rsquo;alt\u00e9ration :<\/strong> nous identifions et analysons les changements qui peuvent survenir dans les mat\u00e9riaux en raison de facteurs environnementaux ou d&rsquo;utilisation. Cette analyse permet d&rsquo;anticiper et d&rsquo;att\u00e9nuer les d\u00e9t\u00e9riorations potentielles, garantissant ainsi la long\u00e9vit\u00e9 des mat\u00e9riaux dans des conditions r\u00e9elles.<\/li>\n\n\n\n<li><strong>D\u00e9termination des propri\u00e9t\u00e9s physiques et m\u00e9caniques :<\/strong> nous \u00e9valuons les propri\u00e9t\u00e9s telles que la r\u00e9sistance, l&rsquo;\u00e9lasticit\u00e9 et la durabilit\u00e9 des mat\u00e9riaux. Ces essais sont essentiels pour comprendre comment les mat\u00e9riaux r\u00e9agissent sous diff\u00e9rentes charges et conditions, afin de s&rsquo;assurer qu&rsquo;ils conviennent \u00e0 une construction s\u00fbre et efficace.<\/li>\n\n\n\n<li><strong>Tests de vieillissement artificiel :<\/strong> nous simulons les conditions environnementales auxquelles les mat\u00e9riaux seront expos\u00e9s au fil du temps. Cela nous permet de pr\u00e9voir leurs performances et leur durabilit\u00e9 \u00e0 long terme, en veillant \u00e0 ce que les mat\u00e9riaux conservent leur int\u00e9grit\u00e9 et leur fonctionnalit\u00e9.<\/li>\n<\/ul>\n<\/div>\n<\/div>\n<\/div>\n<\/div>\n\n<div class=\"wp-block-columns is-layout-flex wp-container-core-columns-is-layout-28f84493 wp-block-columns-is-layout-flex\">\n<div class=\"wp-block-column is-layout-flow wp-block-column-is-layout-flow\">\n<h3 class=\"wp-block-heading\">Essais sur site<\/h3>\n\n\n\n<div class=\"wp-block-group is-layout-constrained wp-block-group-is-layout-constrained\">\n<div class=\"wp-block-group is-layout-constrained wp-block-group-is-layout-constrained\">\n<p>Nous effectuons divers tests sur place, tels que<\/p>\n\n\n\n<ul class=\"wp-block-list\">\n<li><strong>Tests de nettoyage :<\/strong> nous effectuons des \u00e9valuations d\u00e9taill\u00e9es afin de d\u00e9terminer les m\u00e9thodes de nettoyage les plus efficaces et les plus s\u00fbres pour les diff\u00e9rents mat\u00e9riaux de construction. Ces tests sont essentiels pour pr\u00e9server l&rsquo;int\u00e9grit\u00e9 structurelle et esth\u00e9tique des mat\u00e9riaux.<\/li>\n\n\n\n<li><strong>S\u00e9lection des traitements de conservation :<\/strong> Nous choisissons avec soin des consolidants et des hydrofuges, ainsi que des traitements de protection tels que des solutions anti-graffitis et des peintures sp\u00e9ciales. Ces traitements sont essentiels pour prolonger la dur\u00e9e de vie et maintenir l&rsquo;apparence des structures.<\/li>\n\n\n\n<li><strong>Tests d&rsquo;adh\u00e9rence pour les mortiers et les peintures :<\/strong> nous \u00e9valuons la capacit\u00e9 d&rsquo;adh\u00e9rence des mortiers et des peintures sur diff\u00e9rentes surfaces. Ces tests garantissent la durabilit\u00e9 et l&rsquo;efficacit\u00e9 des rev\u00eatements et des finitions dans les b\u00e2timents.<\/li>\n\n\n\n<li><strong>\u00c9tudes colorim\u00e9triques :<\/strong> nous effectuons une analyse pr\u00e9cise des couleurs afin de garantir la coh\u00e9rence et la pr\u00e9cision des finitions. Ces \u00e9tudes sont essentielles pour maintenir l&rsquo;uniformit\u00e9 esth\u00e9tique et pour r\u00e9pondre \u00e0 des exigences de conception sp\u00e9cifiques.<\/li>\n\n\n\n<li><strong>D\u00e9finition du syst\u00e8me de travail du projet :<\/strong> Nous adaptons et ajustons les traitements propos\u00e9s aux besoins r\u00e9els du projet, en tenant compte \u00e0 la fois de leur faisabilit\u00e9 technique et de leur impact \u00e9conomique. Ces \u00e9tudes garantissent que les m\u00e9thodes s\u00e9lectionn\u00e9es sont pratiques et rentables.<\/li>\n<\/ul>\n<\/div>\n<\/div>\n<\/div>\n\n\n\n<div class=\"wp-block-column is-layout-flow wp-block-column-is-layout-flow\">\n<figure class=\"wp-block-image size-large\"><img decoding=\"async\" width=\"1024\" height=\"576\" src=\"https:\/\/teselainnova.com\/wp-content\/uploads\/2023\/06\/6-1-1024x576.webp\" alt=\"\" class=\"wp-image-981\" title=\"\" srcset=\"https:\/\/teselainnova.com\/wp-content\/uploads\/2023\/06\/6-1-1024x576.webp 1024w, https:\/\/teselainnova.com\/wp-content\/uploads\/2023\/06\/6-1-300x169.webp 300w, https:\/\/teselainnova.com\/wp-content\/uploads\/2023\/06\/6-1-768x432.webp 768w, https:\/\/teselainnova.com\/wp-content\/uploads\/2023\/06\/6-1-1536x864.webp 1536w, https:\/\/teselainnova.com\/wp-content\/uploads\/2023\/06\/6-1-2048x1152.webp 2048w\" sizes=\"(max-width: 1024px) 100vw, 1024px\" \/><\/figure>\n<\/div>\n<\/div>\n\n<div class=\"wp-block-columns is-layout-flex wp-container-core-columns-is-layout-28f84493 wp-block-columns-is-layout-flex\">\n<div class=\"wp-block-column is-layout-flow wp-block-column-is-layout-flow\">\n<figure class=\"wp-block-image size-large is-resized\"><img decoding=\"async\" width=\"1024\" height=\"686\" src=\"https:\/\/teselainnova.com\/wp-content\/uploads\/2023\/06\/DSC_0009-e1524483402163-1024x686.webp\" alt=\"\" class=\"wp-image-1126\" style=\"aspect-ratio:1.8422712933753944;width:643px;height:auto\" title=\"\" srcset=\"https:\/\/teselainnova.com\/wp-content\/uploads\/2023\/06\/DSC_0009-e1524483402163-1024x686.webp 1024w, https:\/\/teselainnova.com\/wp-content\/uploads\/2023\/06\/DSC_0009-e1524483402163-300x201.webp 300w, https:\/\/teselainnova.com\/wp-content\/uploads\/2023\/06\/DSC_0009-e1524483402163-768x514.webp 768w, https:\/\/teselainnova.com\/wp-content\/uploads\/2023\/06\/DSC_0009-e1524483402163-jpg-webp.webp 1080w\" sizes=\"(max-width: 1024px) 100vw, 1024px\" \/><\/figure>\n<\/div>\n\n\n\n<div class=\"wp-block-column is-layout-flow wp-block-column-is-layout-flow\">\n<h3 class=\"wp-block-heading\">Contr\u00f4le et suivi des pathologies. Conservation pr\u00e9ventive<\/h3>\n\n\n\n<div class=\"wp-block-group is-vertical is-layout-flex wp-container-core-group-is-layout-fe9cc265 wp-block-group-is-layout-flex\">\n<ul class=\"wp-block-list\">\n<li>Gestion et mise en \u0153uvre des contr\u00f4les de qualit\u00e9.<\/li>\n\n\n\n<li>\u00c9tude et conception de mortiers de restauration.<\/li>\n\n\n\n<li>Surveillance des fissures et des crevasses.<\/li>\n\n\n\n<li>Contr\u00f4le de l&rsquo;humidit\u00e9 capillaire et \u00e9valuation des syst\u00e8mes de protection contre l&rsquo;humidit\u00e9.<\/li>\n\n\n\n<li>R\u00e9daction de rapports, de rapports de propositions d&rsquo;intervention, de plans et d&rsquo;am\u00e9liorations du contr\u00f4le de la qualit\u00e9.<\/li>\n\n\n\n<li>S\u00e9lection des produits les plus appropri\u00e9s pour tout type de restauration pendant la phase de construction.<\/li>\n<\/ul>\n<\/div>\n<\/div>\n<\/div>\n\n<h2>Pourquoi choisir notre laboratoire de construction ?<\/h2>\n\n<p>En choisissant TESELA, vous b\u00e9n\u00e9ficiez de :<\/p>\n\n<ul class=\"wp-block-list\">\n<li>Une <strong>approche compl\u00e8te<\/strong> pour chaque projet, de la caract\u00e9risation des mat\u00e9riaux \u00e0 la d\u00e9termination des formes d&rsquo;alt\u00e9ration et des propri\u00e9t\u00e9s physico-m\u00e9caniques.<\/li>\n\n\n\n<li><strong>Assistance technique<\/strong> sur place et collaboration active pour garantir l&rsquo;application correcte et efficace des mat\u00e9riaux et des processus.<\/li>\n\n\n\n<li><strong>Tests in situ<\/strong> pour d\u00e9terminer les m\u00e9thodologies d&rsquo;intervention les plus appropri\u00e9es, y compris les tests de nettoyage, la s\u00e9lection des traitements de conservation et les \u00e9tudes colorim\u00e9triques.<\/li>\n<\/ul>\n\n<h2>TESELA, votre partenaire en mati\u00e8re d&rsquo;innovation mat\u00e9rielle<\/h2>\n\n<p>Chez TESELA, nous ne nous contentons pas d&rsquo;offrir un laboratoire de mat\u00e9riaux de construction, nous offrons une promesse d&rsquo;innovation, de qualit\u00e9 et de fiabilit\u00e9. Qu&rsquo;il s&rsquo;agisse d&rsquo;un projet de nouvelle construction ou de restauration du patrimoine, nous sommes l\u00e0 pour fournir des solutions mat\u00e9rielles qui r\u00e9pondent \u00e0 vos attentes et les d\u00e9passent. Appelez-nous et d\u00e9couvrez comment nous pouvons vous aider dans votre prochain projet.<\/p>\n\n<h3 class=\"wp-block-heading\">Quelques-uns de nos tests et analyses de mat\u00e9riaux de construction<\/h3>\n  <div id=\"accordion-block_6b2d9d177a994a9a73341bb99f36a0a1\" class=\"c-block-accordion alignwide\">\n    <div class=\"c-faqs\">\n                <div class=\"c-faqs__item is-active\">\n            <div class=\"c-faqs__item-question\">\n              L&rsquo;ANALYSE DES MATI\u00c8RES PREMI\u00c8RES (GRANULATS, LIANTS ET ADDITIFS)            <\/div>\n            <div class=\"c-faqs__item-answer\">\n              <ul>\n<li>Coefficient de friabilit\u00e9 des agr\u00e9gats<\/li>\n<li>D\u00e9termination des fines dans les agr\u00e9gats<\/li>\n<li>D\u00e9termination de la r\u00e9action alcali-silice et alcali-silicate. M\u00e9thode chimique<\/li>\n<li>D\u00e9termination de la r\u00e9activit\u00e9 du carbonate alcalin dans les agr\u00e9gats<\/li>\n<li>Module de finesse des agr\u00e9gats<\/li>\n<li>R\u00e9activit\u00e9 potentielle alcali-silice. M\u00e9thode acc\u00e9l\u00e9r\u00e9e sur des \u00e9chantillons de mortier<\/li>\n<li>R\u00e9activit\u00e9 potentielle des agr\u00e9gats avec les alcalis. M\u00e9thode du prisme en b\u00e9ton<\/li>\n<li>D\u00e9termination du pH de l&rsquo;eau pour le m\u00e9lange du mortier et les \u00e9chantillons d&rsquo;essai<\/li>\n<li>Les grumeaux d&rsquo;argile et autres particules friables dans les agr\u00e9gats<\/li>\n<li>Coefficient de propret\u00e9<\/li>\n<li>D\u00e9termination des chlorures solubles dans l&rsquo;eau par la m\u00e9thode de Volhard<\/li>\n<li>Polluants lumineux<\/li>\n<li>Teneur en humus des agr\u00e9gats<\/li>\n<li>Teneur en sulfates solubles dans l&rsquo;eau.<\/li>\n<li>Teneur totale en soufre par digestion acide<\/li>\n<li>Mati\u00e8res solubles dans l&rsquo;eau<\/li>\n<li>Perte \u00e0 l&rsquo;allumage<\/li>\n<li>Sulfates solubles dans l&rsquo;acide.<\/li>\n<li>Analyse chimique des ciments<\/li>\n<li>Essai au sulfate de magn\u00e9sium, \u00e0 l&rsquo;exception de l&rsquo;\u00e9valuation de la granulom\u00e9trie des agr\u00e9gats complets<\/li>\n<li>R\u00e9sistance au gel et au d\u00e9gel<\/li>\n<li>R\u00e9sistance aux chocs thermiques dans les agr\u00e9gats<\/li>\n<li>Surface sp\u00e9cifique des liants et des additifs<\/li>\n<li>Analyse \u00e9l\u00e9mentaire CHNS<\/li>\n<li>D\u00e9termination des courbes granulom\u00e9triques de tamisage<\/li>\n<li>Thermogravim\u00e9trie (TG) (10\u00baC\/min, atmosph\u00e8re)<\/li>\n<li>Analyse chimique de compos\u00e9s organiques et inorganiques au moyen de la spectroscopie infrarouge (FTIR).<\/li>\n<\/ul>\n            <\/div>\n          <\/div>\n                <div class=\"c-faqs__item\">\n            <div class=\"c-faqs__item-question\">\n              ANALYSE DES MORTIERS, P\u00c2TES, ADH\u00c9SIFS ET COULIS HISTORIQUES            <\/div>\n            <div class=\"c-faqs__item-answer\">\n              <ul>\n<li>R\u00e9sistance \u00e0 la flexion et \u00e0 la compression<\/li>\n<li>D\u00e9termination de la r\u00e9sistance \u00e0 l&rsquo;absorption capillaire<\/li>\n<li>Analyse chimico-min\u00e9ralogique<\/li>\n<li>Thermographie infrarouge des fa\u00e7ades et des sols<\/li>\n<li>D\u00e9termination de l&rsquo;adh\u00e9rence<\/li>\n<li>Adh\u00e9sion apr\u00e8s immersion dans l&rsquo;eau<\/li>\n<li>D\u00e9formation transversale<\/li>\n<li>D\u00e9termination de la force d&rsquo;adh\u00e9rence des mortiers<\/li>\n<li>Essais \u00e0 l&rsquo;eau (d\u00e9termination du coefficient de perm\u00e9abilit\u00e9 \u00e0 la vapeur d&rsquo;eau)<\/li>\n<li>Essais \u00e0 l&rsquo;eau (d\u00e9termination du coefficient d&rsquo;absorption capillaire)<\/li>\n<li>D\u00e9termination de la capacit\u00e9 de r\u00e9tention d&rsquo;eau<\/li>\n<li>Capacit\u00e9 de mouillage<\/li>\n<li>Mati\u00e8res volatiles et non volatiles<\/li>\n<li>Teneur en cendres par calcination directe<\/li>\n<li>D\u00e9termination de l&rsquo;adh\u00e9sion initiale<\/li>\n<li>Temps de durcissement<\/li>\n<li>D\u00e9termination de la teneur en air du mortier frais<\/li>\n<li>Temps d&rsquo;ouverture du mortier frais<\/li>\n<li>Temps d&rsquo;\u00e9coulement (d\u00e9bit)<\/li>\n<li>Temps de prise initiale et finale (Vicat)<\/li>\n<li>D\u00e9termination de la maniabilit\u00e9. Essai de ruissellement des mortiers thixotropes<\/li>\n<li>D\u00e9termination de la maniabilit\u00e9 des produits \u00e0 appliquer par ruissellement<\/li>\n<li>D\u00e9termination de la maniabilit\u00e9. Essai de ruissellement du b\u00e9ton pour les r\u00e9parations<\/li>\n<li>D\u00e9termination de la r\u00e9sistance \u00e0 la flexion et \u00e0 la compression du mortier durci<\/li>\n<li>Essai de chlorure sur les mortiers de ma\u00e7onnerie<\/li>\n<li>Analyse rh\u00e9ologique des p\u00e2tes de chaux<\/li>\n<li>D\u00e9termination de la maniabilit\u00e9. Application de mortiers de r\u00e9paration sur des substrats<\/li>\n<li>D\u00e9termination de la profondeur de carbonatation dans le b\u00e9ton durci par la m\u00e9thode de la ph\u00e9nolphateline<\/li>\n<li>D\u00e9termination de la densit\u00e9 apparente du mortier en poudre<\/li>\n<li>D\u00e9termination de la densit\u00e9 apparente du mortier frais<\/li>\n<li>D\u00e9termination de la densit\u00e9 apparente du mortier durci<\/li>\n<li>D\u00e9termination de la consistance du mortier frais \u00e0 l&rsquo;aide d&rsquo;une table \u00e0 secousses<\/li>\n<li>D\u00e9lai de mise en \u0153uvre<\/li>\n<li>D\u00e9termination de la r\u00e9sistance \u00e0 la compression (y compris le cisaillement et la pr\u00e9paration des \u00e9chantillons)<\/li>\n<li>D\u00e9termination des caract\u00e9ristiques physiques du mortier durci (y compris la pr\u00e9paration du mortier, la d\u00e9termination de la densit\u00e9, de la teneur en humidit\u00e9, de la valeur de retrait, de la r\u00e9sistance \u00e0 la flexion et \u00e0 la compression).<\/li>\n<li>Analyse d&rsquo;images num\u00e9riques<\/li>\n<li>Caract\u00e9risation microstructurale, texturale et chimique par microscopie \u00e9lectronique \u00e0 balayage<\/li>\n<li>D\u00e9termination de la courbe de variation dimensionnelle du mortier (\u00e0 partir du temps z\u00e9ro) pendant 48 heures.<\/li>\n<li>Compatibilit\u00e9 des mortiers d&rsquo;enduit avec les substrats de ma\u00e7onnerie<\/li>\n<li>D\u00e9termination de la perm\u00e9abilit\u00e9 au dioxyde de carbone<\/li>\n<li>R\u00e9sistance \u00e0 la carbonatation<\/li>\n<\/ul>\n            <\/div>\n          <\/div>\n                <div class=\"c-faqs__item\">\n            <div class=\"c-faqs__item-question\">\n              ANALYSE POUR LA CARACT\u00c9RISATION D&rsquo;\u00c9CHANTILLONS PICTURAUX ET DE BOIS            <\/div>\n            <div class=\"c-faqs__item-answer\">\n              <ul>\n<li>Analyse chimique de compos\u00e9s organiques et inorganiques au moyen de la spectroscopie infrarouge (FTIR).<\/li>\n<li><span class=\"Y2IQFc\" lang=\"es\">Analyse de l&rsquo;attaque des insectes xylophages sur le bois.<\/span><\/li>\n<li><span class=\"Y2IQFc\" lang=\"es\">Analyse des attaques microbiologiques.<\/span><\/li>\n<li><span class=\"Y2IQFc\" lang=\"es\">\u00c9tude du microbiote pr\u00e9sent dans un \u00e9chantillon de mat\u00e9riau pierreux pour d\u00e9terminer la pr\u00e9sence de bact\u00e9ries carbonatog\u00e8nes afin de garantir l&rsquo;efficacit\u00e9 du traitement de bioconsolidation.<\/span><\/li>\n<li>Analyse des causes de la biod\u00e9t\u00e9rioration.<\/li>\n<li>Porosit\u00e9 et perm\u00e9abilit\u00e9 aux gaz et aux vapeurs des supports organiques.<\/li>\n<li>colorim\u00e9trie<\/li>\n<li>Spectrophotom\u00e9trie UV<\/li>\n<li>Microscopie \u00e9lectronique (SEM)<\/li>\n<li>Spectrophotom\u00e9trie infrarouge \u00e0 transform\u00e9e de Fourier par r\u00e9flectance totale att\u00e9nu\u00e9e (FTIR-ATR).<\/li>\n<li>Examen par lampe UV.<\/li>\n<li>Analyse par spectroscopie Raman.<\/li>\n<\/ul>\n            <\/div>\n          <\/div>\n                <div class=\"c-faqs__item\">\n            <div class=\"c-faqs__item-question\">\n              ANALYSE DES PIERRES            <\/div>\n            <div class=\"c-faqs__item-answer\">\n              <ul>\n<li>Analyse min\u00e9ralogique par diffraction des rayons X (XRD) (y compris la pr\u00e9paration des \u00e9chantillons, l&rsquo;identification des phases min\u00e9rales et l&rsquo;analyse semi-quantitative).<\/li>\n<li>Analyse chimique \u00e9l\u00e9mentaire par fluorescence X (XRF).<\/li>\n<li>\u00c9tude du syst\u00e8me poreux par porosim\u00e9trie \u00e0 injection de mercure (PIM).<\/li>\n<li>Essais de vieillissement acc\u00e9l\u00e9r\u00e9 (cycles de gel-d\u00e9gel).<\/li>\n<li>\u00c9tude p\u00e9trographique (y compris la pr\u00e9paration de couches minces, l&rsquo;\u00e9tude par microscopie optique polaris\u00e9e et les microphotographies).<\/li>\n<li>Test de durabilit\u00e9 en chambre climatique.<\/li>\n<li>Essais \u00e0 l&rsquo;eau (d\u00e9termination du coefficient d&rsquo;absorption capillaire, de la perm\u00e9abilit\u00e9 \u00e0 la vapeur d&rsquo;eau, de l&rsquo;absorption et du s\u00e9chage \u00e0 la pression atmosph\u00e9rique).<\/li>\n<\/ul>\n            <\/div>\n          <\/div>\n          <\/div>\n\n  <\/div>\n","protected":false},"excerpt":{"rendered":"<p>Chez TESELA, nous sommes \u00e0 la pointe du d\u00e9veloppement et de l&rsquo;analyse des mat\u00e9riaux de construction depuis plus de 25 ans, et nous comprenons donc l&rsquo;importance cruciale des mat\u00e9riaux dans tout projet de construction. Notre laboratoire de mat\u00e9riaux de construction a pour mission de garantir la qualit\u00e9 et les performances les plus \u00e9lev\u00e9es pour tous [&hellip;]<\/p>\n","protected":false},"author":1,"featured_media":2815,"parent":2102,"menu_order":2,"comment_status":"closed","ping_status":"closed","template":"page-ambito-children.php","meta":{"_acf_changed":false,"footnotes":""},"class_list":["post-2821","page","type-page","status-publish","has-post-thumbnail","hentry"],"acf":[],"_links":{"self":[{"href":"https:\/\/teselainnova.com\/fr\/wp-json\/wp\/v2\/pages\/2821","targetHints":{"allow":["GET"]}}],"collection":[{"href":"https:\/\/teselainnova.com\/fr\/wp-json\/wp\/v2\/pages"}],"about":[{"href":"https:\/\/teselainnova.com\/fr\/wp-json\/wp\/v2\/types\/page"}],"author":[{"embeddable":true,"href":"https:\/\/teselainnova.com\/fr\/wp-json\/wp\/v2\/users\/1"}],"replies":[{"embeddable":true,"href":"https:\/\/teselainnova.com\/fr\/wp-json\/wp\/v2\/comments?post=2821"}],"version-history":[{"count":0,"href":"https:\/\/teselainnova.com\/fr\/wp-json\/wp\/v2\/pages\/2821\/revisions"}],"up":[{"embeddable":true,"href":"https:\/\/teselainnova.com\/fr\/wp-json\/wp\/v2\/pages\/2102"}],"wp:featuredmedia":[{"embeddable":true,"href":"https:\/\/teselainnova.com\/fr\/wp-json\/wp\/v2\/media\/2815"}],"wp:attachment":[{"href":"https:\/\/teselainnova.com\/fr\/wp-json\/wp\/v2\/media?parent=2821"}],"curies":[{"name":"wp","href":"https:\/\/api.w.org\/{rel}","templated":true}]}}