{"id":2764,"date":"2023-05-31T17:18:29","date_gmt":"2023-05-31T15:18:29","guid":{"rendered":"https:\/\/teselainnova.com\/offre-de-service\/partenariat-avec-des-entreprises\/"},"modified":"2024-09-03T11:35:20","modified_gmt":"2024-09-03T09:35:20","slug":"facons-de-collaborer-avec-nous","status":"publish","type":"page","link":"https:\/\/teselainnova.com\/fr\/tesela\/facons-de-collaborer-avec-nous\/","title":{"rendered":"Fa\u00e7ons de collaborer avec nous"},"content":{"rendered":"\n<h2 class=\"wp-block-heading\">Nous grandissons en grandissant<\/h2>\n\n<div class=\"wp-block-columns is-layout-flex wp-container-core-columns-is-layout-28f84493 wp-block-columns-is-layout-flex\">\n<div class=\"wp-block-column is-layout-flow wp-block-column-is-layout-flow\" style=\"flex-basis:66.66%\">  <div id=\"accordion-block_f10b2a2ff655644f2d1e05c0f6525601\" class=\"c-block-accordion alignwide\">\n    <div class=\"c-faqs\">\n                <div class=\"c-faqs__item is-active\">\n            <div class=\"c-faqs__item-question\">\n              Nous travaillons avec les entreprises pour les rendre plus comp\u00e9titives et g\u00e9n\u00e9rer de la richesse et de l&#8217;emploi.            <\/div>\n            <div class=\"c-faqs__item-answer\">\n              <p style=\"text-align: justify;\">TESELA vous propose des solutions innovantes et personnalis\u00e9es pour l&rsquo;industrie de la construction dans le domaine des mati\u00e8res premi\u00e8res et des mat\u00e9riaux. Am\u00e9liorer la comp\u00e9titivit\u00e9 des entreprises et fournir une valeur diff\u00e9rentielle pour stimuler votre activit\u00e9.<\/p>\n<p style=\"text-align: justify;\">Nous travaillons avec diff\u00e9rents acteurs de l&rsquo;\u00e9cosyst\u00e8me de l&rsquo;innovation afin de d\u00e9velopper des solutions technologiques pour relever les d\u00e9fis du march\u00e9 en mati\u00e8re d&rsquo;efficacit\u00e9 \u00e9nerg\u00e9tique, de durabilit\u00e9, de nouveaux produits et processus, de conservation du patrimoine, d&rsquo;\u00e9conomie circulaire et de fabrication avanc\u00e9e. Nos laboratoires sont \u00e9quip\u00e9s de mani\u00e8re ad\u00e9quate pour garantir la qualit\u00e9 et la s\u00e9curit\u00e9 de nos recherches, et notre personnel hautement qualifi\u00e9 et exp\u00e9riment\u00e9 fait de nous l&rsquo;une des soci\u00e9t\u00e9s de recherche les plus pr\u00e9sentes dans les projets de R&amp;D dans le domaine des mat\u00e9riaux.<\/p>\n            <\/div>\n          <\/div>\n                <div class=\"c-faqs__item\">\n            <div class=\"c-faqs__item-question\">\n              Modes de collaboration            <\/div>\n            <div class=\"c-faqs__item-answer\">\n              <p>Chez TESELA, nous concevons la relation avec les entreprises selon une approche strat\u00e9gique, bas\u00e9e sur la confiance, la collaboration et la croissance mutuelle, afin d&rsquo;obtenir la plus grande valeur possible pour stimuler leur comp\u00e9titivit\u00e9. C&rsquo;est pourquoi nous sommes toujours pr\u00eats \u00e0 explorer les diff\u00e9rentes formes de collaboration qui r\u00e9pondent aux besoins de votre entreprise. Voici quelques-uns de ces formulaires :  <\/p>\n<ul>\n<li><strong>Projets de R&amp;D :<\/strong> Nous \u00e9laborons des projets de recherche et de d\u00e9veloppement sur mesure dans le but de rendre votre entreprise plus comp\u00e9titive gr\u00e2ce \u00e0 la technologie. Nous r\u00e9alisons gratuitement un premier diagnostic d&rsquo;innovation et identifions les appels \u00e0 financement nationaux et internationaux pour vos id\u00e9es.<\/li>\n<\/ul>\n<ul>\n<li><strong>Accords-cadres de partenariat<\/strong>: Nous \u00e9tablissons des plans de collaboration avec les entreprises qui sont d\u00e9velopp\u00e9s conjointement sur plusieurs ann\u00e9es.<\/li>\n<\/ul>\n<ul>\n<li><strong>Investissement \u00e0 risques partag\u00e9s<\/strong>: Nous nous engageons dans les activit\u00e9s de nos clients en incorporant nos propres ressources dans des investissements de d\u00e9veloppement qui sont align\u00e9s sur la strat\u00e9gie \u00e0 moyen terme de nos clients.<\/li>\n<\/ul>\n<ul>\n<li><strong>Services de laboratoire<\/strong>: Nous mettons \u00e0 votre disposition une \u00e9quipe d&rsquo;experts qui recherchent, d\u00e9veloppent, certifient et valident les produits que vous devez mettre rapidement sur le march\u00e9.<\/li>\n<\/ul>\n<ul>\n<li><strong>Transfert de technologie<\/strong>: Nous vous aidons \u00e0 valoriser votre R&amp;D et \u00e0 d\u00e9velopper votre entreprise en transformant les id\u00e9es en solutions.<\/li>\n<\/ul>\n            <\/div>\n          <\/div>\n                <div class=\"c-faqs__item\">\n            <div class=\"c-faqs__item-question\">\n              Diagnostic de l&rsquo;innovation            <\/div>\n            <div class=\"c-faqs__item-answer\">\n              <p>En tant que partenaire dans le d\u00e9veloppement de solutions de R&amp;D, nous accompagnons les entreprises de l&rsquo;id\u00e9e \u00e0 la production industrielle. Pour ce faire, nous r\u00e9alisons un diagnostic initial de la solution de R&amp;D que vous recherchez afin de concevoir des solutions ad hoc en fonction de vos besoins et de vos capacit\u00e9s.<\/p>\n            <\/div>\n          <\/div>\n                <div class=\"c-faqs__item\">\n            <div class=\"c-faqs__item-question\">\n              Actifs            <\/div>\n            <div class=\"c-faqs__item-answer\">\n              <p>Notre activit\u00e9 intense et notre participation \u00e0 des projets de R&amp;D&amp;I g\u00e9n\u00e8rent continuellement des r\u00e9sultats qui deviennent souvent des <strong>actifs intangibles<\/strong> valorisables, acqu\u00e9rant diff\u00e9rentes formes en fonction de leur nature et des relations qui se sont cr\u00e9\u00e9es lors de l&rsquo;acquisition des connaissances. TESELA dispose de diff\u00e9rents d\u00e9veloppements et actifs qui peuvent \u00eatre valoris\u00e9s par des entreprises tierces par le biais de droits d&rsquo;exploitation, de licences, de brevets ou de marques, entre autres. La marque TESELA est en soi notre atout le plus important : un symbole de notre savoir-faire et du travail effectu\u00e9 depuis plus de 25 ans par le professeur Eduardo M. Sebasti\u00e1n Pardo, professeur du d\u00e9partement. Min\u00e9ralogie et P\u00e9trologie de l&rsquo;Universit\u00e9 de Grenade, qui, \u00e0 travers son groupe de recherche \u00ab\u00a0Monuments\u00a0\u00bb, a pos\u00e9 les bases d&rsquo;une recherche efficace pour r\u00e9aliser des \u00e9tudes ant\u00e9rieures sur des \u0153uvres du patrimoine architectural. La condensation de cette exp\u00e9rience scientifique et professionnelle avec les connaissances sur les liants hydrauliques et les formulations des mat\u00e9riaux a donn\u00e9 naissance en 2019 \u00e0 la certification d&rsquo;aptitude \u00e0 l&#8217;emploi TESELA, premier label de qualit\u00e9 pour les mat\u00e9riaux utilis\u00e9s dans les interventions patrimoniales, qui est \u00e9galement l&rsquo;un des atouts les plus importants de l&rsquo;entreprise.<\/p>\n            <\/div>\n          <\/div>\n          <\/div>\n\n  <\/div>\n<\/div>\n\n\n\n<div class=\"wp-block-column is-layout-flow wp-block-column-is-layout-flow\" style=\"flex-basis:33.33%\">\n<p class=\"wp-block-heading subtgran\">Comment pouvons-nous vous aider?<\/p>\n\n\n<p class=\"wpcf7-contact-form-not-found\"><strong>Erreur\u00a0:<\/strong> Formulaire de contact non trouv\u00e9\u00a0!<\/p>\n<\/div>\n<\/div>\n","protected":false},"excerpt":{"rendered":"<p>Nous grandissons en grandissant Comment pouvons-nous vous aider?<\/p>\n","protected":false},"author":1,"featured_media":2768,"parent":2098,"menu_order":1,"comment_status":"closed","ping_status":"closed","template":"","meta":{"_acf_changed":false,"footnotes":""},"class_list":["post-2764","page","type-page","status-publish","has-post-thumbnail","hentry"],"acf":[],"_links":{"self":[{"href":"https:\/\/teselainnova.com\/fr\/wp-json\/wp\/v2\/pages\/2764","targetHints":{"allow":["GET"]}}],"collection":[{"href":"https:\/\/teselainnova.com\/fr\/wp-json\/wp\/v2\/pages"}],"about":[{"href":"https:\/\/teselainnova.com\/fr\/wp-json\/wp\/v2\/types\/page"}],"author":[{"embeddable":true,"href":"https:\/\/teselainnova.com\/fr\/wp-json\/wp\/v2\/users\/1"}],"replies":[{"embeddable":true,"href":"https:\/\/teselainnova.com\/fr\/wp-json\/wp\/v2\/comments?post=2764"}],"version-history":[{"count":0,"href":"https:\/\/teselainnova.com\/fr\/wp-json\/wp\/v2\/pages\/2764\/revisions"}],"up":[{"embeddable":true,"href":"https:\/\/teselainnova.com\/fr\/wp-json\/wp\/v2\/pages\/2098"}],"wp:featuredmedia":[{"embeddable":true,"href":"https:\/\/teselainnova.com\/fr\/wp-json\/wp\/v2\/media\/2768"}],"wp:attachment":[{"href":"https:\/\/teselainnova.com\/fr\/wp-json\/wp\/v2\/media?parent=2764"}],"curies":[{"name":"wp","href":"https:\/\/api.w.org\/{rel}","templated":true}]}}