{"id":2762,"date":"2023-05-31T16:41:47","date_gmt":"2023-05-31T14:41:47","guid":{"rendered":"https:\/\/teselainnova.com\/offre-de-service\/"},"modified":"2024-01-05T18:38:29","modified_gmt":"2024-01-05T17:38:29","slug":"offre-de-service","status":"publish","type":"page","link":"https:\/\/teselainnova.com\/fr\/offre-de-service\/","title":{"rendered":"Offre de service"},"content":{"rendered":"\n<p>TESELA est une entreprise tr\u00e8s collaborative. Nous sommes engag\u00e9s dans un mod\u00e8le bas\u00e9 sur des alliances strat\u00e9giques qui apportent un retour technologique et g\u00e9n\u00e8rent de la valeur pour les entreprises. Stimuler et am\u00e9liorer la comp\u00e9titivit\u00e9.<\/p>\n\n<p>Chez TESELA, nous proposons diff\u00e9rentes formes de collaboration aux entreprises et aux institutions publiques en fonction des objectifs recherch\u00e9s.<\/p>\n  <div id=\"accordion-block_d65550606399e51fbdc7026ee6463c70\" class=\"c-block-accordion alignwide\">\n    <div class=\"c-faqs\">\n                <div class=\"c-faqs__item is-active\">\n            <div class=\"c-faqs__item-question\">\n              Accords-cadres de partenariat avec les institutions publiques            <\/div>\n            <div class=\"c-faqs__item-answer\">\n              <p>Les relations avec les clients \u00e0 fort potentiel commercial constituent l&rsquo;une des bases fondamentales de TESELA.<\/p>\n<p>Ces alliances sont l&rsquo;occasion d&rsquo;\u00e9tablir des plans de collaboration communs qui seront d\u00e9velopp\u00e9s conjointement sur plusieurs ann\u00e9es.<\/p>\n            <\/div>\n          <\/div>\n                <div class=\"c-faqs__item\">\n            <div class=\"c-faqs__item-question\">\n              Projets R&amp;D            <\/div>\n            <div class=\"c-faqs__item-answer\">\n              <p>En tant que partenaires strat\u00e9giques des entreprises, nous d\u00e9veloppons des projets de R&amp;D sur mesure avec un seul objectif : rendre votre entreprise plus comp\u00e9titive gr\u00e2ce \u00e0 la technologie. Ensemble, nous d\u00e9veloppons la technologie pour transformer le pr\u00e9sent.<\/p>\n            <\/div>\n          <\/div>\n                <div class=\"c-faqs__item\">\n            <div class=\"c-faqs__item-question\">\n              Services de laboratoire            <\/div>\n            <div class=\"c-faqs__item-answer\">\n              <p>Chez TESELA, nous avons plus de 25 ans d&rsquo;exp\u00e9rience et nous mettons \u00e0 votre disposition une \u00e9quipe d&rsquo;experts de diff\u00e9rents domaines (chimistes, ing\u00e9nieurs, historiens de l&rsquo;art, m\u00e9decins ou g\u00e9ologues, entre autres) qui nous permettent de d\u00e9velopper, de certifier et de valider les diff\u00e9rents mat\u00e9riaux, processus et produits dont vous avez besoin.<\/p>\n            <\/div>\n          <\/div>\n                <div class=\"c-faqs__item\">\n            <div class=\"c-faqs__item-question\">\n              Timbre TESELA            <\/div>\n            <div class=\"c-faqs__item-answer\">\n              <p>Le sceau est une marque de qualit\u00e9 d\u00e9livr\u00e9e par TESELA \u00e0 la demande des fabricants de mat\u00e9riaux de construction, sur une base volontaire, pour les produits destin\u00e9s \u00e0 \u00eatre incorpor\u00e9s dans les travaux de r\u00e9habilitation\/restauration du patrimoine.<\/p>\n<p><strong>Qu&rsquo;est-ce que c&rsquo;est ?<\/strong><\/p>\n<p>Il s&rsquo;agit d&rsquo;une marque de qualit\u00e9 d\u00e9livr\u00e9e par TESELA \u00e0 la demande des fabricants de mat\u00e9riaux de construction, sur une base volontaire, pour des produits destin\u00e9s \u00e0 \u00eatre incorpor\u00e9s dans des travaux de r\u00e9habilitation\/restauration du patrimoine.<\/p>\n<p><strong>Quels sont les avantages ?<\/strong><\/p>\n<ul>\n<li>Optimisation et adaptation de la performance des produits<\/li>\n<li>S\u00e9curit\u00e9 conforme aux exigences d&rsquo;utilisation<\/li>\n<li>Diff\u00e9renciation par rapport \u00e0 la concurrence<\/li>\n<li>Valorisation des produits<\/li>\n<\/ul>\n<p>&#8211; Approbation des institutions qui appuient le label<\/p>\n<p><strong>Quels sont les mat\u00e9riaux soumis au scellement ?<\/strong><\/p>\n<ul>\n<li>Chaux<\/li>\n<li>Mortiers de chaux<\/li>\n<li>Plasters<\/li>\n<li>Pi\u00e8ces en c\u00e9ramique (briques, tuiles, tuiles de toit, etc.)<\/li>\n<\/ul>\n<p><strong>Qui peut poser sa candidature ?<\/strong><\/p>\n<p>Tous les fabricants de mat\u00e9riaux qui souhaitent se positionner de pr\u00e9f\u00e9rence dans le domaine du patrimoine et de ses mat\u00e9riaux.<\/p>\n            <\/div>\n          <\/div>\n                <div class=\"c-faqs__item\">\n            <div class=\"c-faqs__item-question\">\n              Transfert de technologie            <\/div>\n            <div class=\"c-faqs__item-answer\">\n              <p>TESELA est une entreprise issue de l&rsquo;universit\u00e9 et compte plusieurs chercheurs universitaires parmi ses membres. Ceci, associ\u00e9 \u00e0 la connaissance approfondie qu&rsquo;a TESELA des mat\u00e9riaux g\u00e9ologiques, des mati\u00e8res premi\u00e8res et des produits du secteur de la construction et du patrimoine, permet un transfert de technologie appropri\u00e9 : \u00ab\u00a0du laboratoire \u00e0 l&rsquo;industrie\u00a0\u00bb. G\u00e9n\u00e9rer des produits et des actifs industriels \u00e0 haute valeur ajout\u00e9e.<\/p>\n            <\/div>\n          <\/div>\n                <div class=\"c-faqs__item\">\n            <div class=\"c-faqs__item-question\">\n              Investissement \u00e0 risques partag\u00e9s            <\/div>\n            <div class=\"c-faqs__item-answer\">\n              <p>Nous sommes engag\u00e9s dans les activit\u00e9s de nos clients, c&rsquo;est pourquoi nous incorporons nos propres ressources dans des investissements de d\u00e9veloppement \u00e0 haut risque qui sont align\u00e9s sur la strat\u00e9gie \u00e0 moyen terme de nos clients.<\/p>\n            <\/div>\n          <\/div>\n          <\/div>\n\n  <\/div>\n\n<p><\/p>\n","protected":false},"excerpt":{"rendered":"<p>TESELA est une entreprise tr\u00e8s collaborative. Nous sommes engag\u00e9s dans un mod\u00e8le bas\u00e9 sur des alliances strat\u00e9giques qui apportent un retour technologique et g\u00e9n\u00e8rent de la valeur pour les entreprises. Stimuler et am\u00e9liorer la comp\u00e9titivit\u00e9. Chez TESELA, nous proposons diff\u00e9rentes formes de collaboration aux entreprises et aux institutions publiques en fonction des objectifs recherch\u00e9s.<\/p>\n","protected":false},"author":1,"featured_media":1922,"parent":0,"menu_order":10,"comment_status":"closed","ping_status":"closed","template":"","meta":{"_acf_changed":false,"footnotes":""},"class_list":["post-2762","page","type-page","status-publish","has-post-thumbnail","hentry"],"acf":[],"_links":{"self":[{"href":"https:\/\/teselainnova.com\/fr\/wp-json\/wp\/v2\/pages\/2762","targetHints":{"allow":["GET"]}}],"collection":[{"href":"https:\/\/teselainnova.com\/fr\/wp-json\/wp\/v2\/pages"}],"about":[{"href":"https:\/\/teselainnova.com\/fr\/wp-json\/wp\/v2\/types\/page"}],"author":[{"embeddable":true,"href":"https:\/\/teselainnova.com\/fr\/wp-json\/wp\/v2\/users\/1"}],"replies":[{"embeddable":true,"href":"https:\/\/teselainnova.com\/fr\/wp-json\/wp\/v2\/comments?post=2762"}],"version-history":[{"count":0,"href":"https:\/\/teselainnova.com\/fr\/wp-json\/wp\/v2\/pages\/2762\/revisions"}],"wp:featuredmedia":[{"embeddable":true,"href":"https:\/\/teselainnova.com\/fr\/wp-json\/wp\/v2\/media\/1922"}],"wp:attachment":[{"href":"https:\/\/teselainnova.com\/fr\/wp-json\/wp\/v2\/media?parent=2762"}],"curies":[{"name":"wp","href":"https:\/\/api.w.org\/{rel}","templated":true}]}}