{"id":2121,"date":"2023-05-31T17:11:37","date_gmt":"2023-05-31T15:11:37","guid":{"rendered":"https:\/\/teselainnova.com\/areas\/heritage\/"},"modified":"2024-09-03T11:31:04","modified_gmt":"2024-09-03T09:31:04","slug":"etudes-previews-patrimoine","status":"publish","type":"page","link":"https:\/\/teselainnova.com\/fr\/prestations-de-service\/etudes-previews-patrimoine\/","title":{"rendered":"\u00c9tudes pr\u00e9c\u00e9dentes sur le patrimoine"},"content":{"rendered":"\n<p>Nous offrons une large gamme de services allant de la caract\u00e9risation, l&rsquo;\u00e9tude et le d\u00e9veloppement de tous les types de mat\u00e9riaux utilis\u00e9s dans la construction et la conservation\/restauration du patrimoine \u00e0 des services de conseil et de recherche destin\u00e9s aux entreprises de fabrication de mat\u00e9riaux dans le secteur de la construction et de la restauration.<\/p>\n\n<h2 class=\"wp-block-heading\">Gestion int\u00e9grale du patrimoine culturel<\/h2>\n  <div id=\"accordion-block_e241051d471460333267e49d4dc50fe8\" class=\"c-block-accordion alignwide\">\n    <div class=\"c-faqs\">\n                <div class=\"c-faqs__item is-active\">\n            <div class=\"c-faqs__item-question\">\n              Qu&rsquo;est-ce qu&rsquo;une pr\u00e9-\u00e9tude du patrimoine ?             <\/div>\n            <div class=\"c-faqs__item-answer\">\n              <p class=\"Textbody\">Une pr\u00e9-\u00e9tude du patrimoine est une analyse d\u00e9taill\u00e9e r\u00e9alis\u00e9e avant toute intervention sur des b\u00e2timents ou des structures historiques. Ce processus consiste \u00e0 \u00e9valuer l&rsquo;\u00e9tat actuel, l&rsquo;histoire et l&rsquo;importance culturelle du site. Pour les architectes, les restaurateurs et les \u00e9quipes de gestion des sites, il s&rsquo;agit d&rsquo;une \u00e9tape essentielle pour s&rsquo;assurer que toute restauration ou tout entretien est effectu\u00e9 dans le respect de l&rsquo;essence historique du site.<\/p>\n<h3>Pourquoi une \u00e9tude pr\u00e9alable est-elle indispensable ?<\/h3>\n<p class=\"Textbody\">Ces \u00e9tudes sont cruciales pour comprendre l&rsquo;importance d&rsquo;un site et d\u00e9terminer les meilleures pratiques pour sa conservation. Sans \u00e9tude pr\u00e9alable appropri\u00e9e, les interventions peuvent endommager de mani\u00e8re irr\u00e9versible l&rsquo;int\u00e9grit\u00e9 historique d&rsquo;un site patrimonial.<\/p>\n            <\/div>\n          <\/div>\n                <div class=\"c-faqs__item\">\n            <div class=\"c-faqs__item-question\">\n              Le r\u00f4le de TESELA dans la gestion du patrimoine culturel             <\/div>\n            <div class=\"c-faqs__item-answer\">\n              <p class=\"Textbody\">Chez TESELA, nous abordons le cycle complet du patrimoine culturel, en accordant la m\u00eame attention \u00e0 la recherche historique qu&rsquo;\u00e0 la documentation graphique et \u00e0 la diffusion des biens culturels. Notre travail dans le domaine de la gestion du patrimoine culturel comprend une approche holistique, allant de la connaissance approfondie du patrimoine \u00e0 sa promotion et \u00e0 sa conservation pour les g\u00e9n\u00e9rations futures.<\/p>\n<h3>Conna\u00eetre et planifier le patrimoine<\/h3>\n<p class=\"Textbody\">La gestion du patrimoine culturel commence par une connaissance d\u00e9taill\u00e9e de celui-ci. Ce processus comprend des activit\u00e9s telles que la recherche et l&rsquo;analyse du patrimoine, qui nous permettent d&rsquo;identifier et de comprendre la pertinence et la valeur des \u00e9l\u00e9ments culturels dans une r\u00e9gion donn\u00e9e. En outre, la planification est un aspect crucial, car nous collaborons avec les autorit\u00e9s locales et r\u00e9gionales pour int\u00e9grer correctement le patrimoine dans la planification urbaine et territoriale, en veillant \u00e0 ce que sa conservation soit compatible avec le d\u00e9veloppement.<\/p>\n<h3>Surveillance et conservation du patrimoine<\/h3>\n<p class=\"Textbody\">Chez TESELA, nous surveillons et supervisons en permanence l&rsquo;\u00e9tat et l&rsquo;entretien des biens patrimoniaux. Notre \u00e9quipe pluridisciplinaire, compos\u00e9e de sp\u00e9cialistes de diff\u00e9rents domaines, est charg\u00e9e de la conservation et de la restauration. Elle \u00e9labore des plans et des techniques sp\u00e9cifiques pour prot\u00e9ger et entretenir les biens culturels, en pr\u00e9servant leur originalit\u00e9 et en \u00e9vitant leur d\u00e9t\u00e9rioration.<\/p>\n<h3>Diffusion et promotion du patrimoine<\/h3>\n<p class=\"Textbody\">La diffusion est un \u00e9l\u00e9ment essentiel de notre travail \u00e0 TESELA. Nous nous concentrons sur la promotion de l&rsquo;identit\u00e9 culturelle et de l&rsquo;importance du patrimoine par le biais de diff\u00e9rents canaux et activit\u00e9s. Il s&rsquo;agit notamment de manifestations culturelles, d&rsquo;expositions et de campagnes d&rsquo;\u00e9ducation et de sensibilisation, dans le but de promouvoir la connaissance et l&rsquo;appr\u00e9ciation du patrimoine.<\/p>\n            <\/div>\n          <\/div>\n                <div class=\"c-faqs__item\">\n            <div class=\"c-faqs__item-question\">\n              Techniques de r\u00e9alisation d&rsquo;une \u00e9tude pr\u00e9liminaire du patrimoine culturel             <\/div>\n            <div class=\"c-faqs__item-answer\">\n              <p>Lorsqu&rsquo;il s&rsquo;agit de pr\u00e9server et de comprendre notre h\u00e9ritage historique, les \u00e9tudes patrimoniales pr\u00e9alables sont essentielles. Ces \u00e9tudes utilisent une vari\u00e9t\u00e9 de techniques et d&rsquo;outils pour analyser et documenter les structures historiques ou les sites d&rsquo;importance culturelle. Nous examinerons les techniques utilis\u00e9es, le contenu de ces rapports, leur objectif et leurs destinataires.  <\/p>\n<h3>Techniques utilis\u00e9es<\/h3>\n<p>  Les techniques utilis\u00e9es dans le cadre d&rsquo;une pr\u00e9-\u00e9tude du patrimoine culturel sont diverses et d\u00e9pendent du type de site ou de structure analys\u00e9. Parmi les plus courantes, on peut citer  <\/p>\n<ol>\n<li>Inspection visuelle et photographique : un examen d\u00e9taill\u00e9 du site est effectu\u00e9 pour identifier les probl\u00e8mes visibles tels que la d\u00e9t\u00e9rioration ou les dommages structurels.<\/li>\n<li>Analyse des mat\u00e9riaux : \u00e0 l&rsquo;aide de techniques telles que la spectroscopie ou la chromatographie, les mat\u00e9riaux sont analys\u00e9s pour comprendre leur composition et leur \u00e9tat de conservation.<\/li>\n<li>Relev\u00e9s topographiques et architecturaux : ils servent \u00e0 d\u00e9terminer les caract\u00e9ristiques physiques du site, \u00e0 l&rsquo;aide de technologies telles que le balayage laser en 3D.<\/li>\n<li>\u00c9tudes historiques et documentaires : l&rsquo;histoire du site est \u00e9tudi\u00e9e, y compris son utilisation, sa signification culturelle et les changements survenus au fil du temps.<\/li>\n<\/ol>\n<h3>Contenu du rapport<\/h3>\n<p>  Un rapport de pr\u00e9-\u00e9tude du patrimoine culturel comprend g\u00e9n\u00e9ralement les \u00e9l\u00e9ments suivants :  <\/p>\n<ul>\n<li>Description d\u00e9taill\u00e9e du site : localisation, dimensions, caract\u00e9ristiques architecturales.<\/li>\n<li>Analyse de l&rsquo;\u00e9tat : \u00c9tat actuel de la structure ou du site, y compris les probl\u00e8mes et dangers potentiels.<\/li>\n<li>Valeur historique et culturelle : importance du site en termes historiques, culturels et sociaux.<\/li>\n<li>Recommandations : Strat\u00e9gies de conservation et de restauration bas\u00e9es sur les r\u00e9sultats de l&rsquo;\u00e9tude.<\/li>\n<\/ul>\n<h3>Objectif de l&rsquo;\u00e9tude pr\u00e9alable<\/h3>\n<p>  L&rsquo;objectif principal de ces \u00e9tudes est de fournir une base solide pour toute intervention sur le patrimoine culturel. Ils contribuent \u00e0 :  <\/p>\n<ul>\n<li>Pr\u00e9server l&rsquo;int\u00e9grit\u00e9 historique : veiller \u00e0 ce que les restaurations et les r\u00e9novations respectent la valeur d&rsquo;origine du site.<\/li>\n<li>Orienter les interventions futures : Fournir un cadre pour les travaux de restauration ou d&rsquo;entretien.<\/li>\n<li>Faciliter la prise de d\u00e9cision : Fournir des informations essentielles aux responsables de la planification et de la mise en \u0153uvre des projets.<\/li>\n<\/ul>\n<h3>Qui a besoin de ces \u00e9tudes ?<\/h3>\n<p>  Des \u00e9tudes pr\u00e9liminaires sur les fonds propres sont n\u00e9cessaires pour un large \u00e9ventail d&rsquo;entit\u00e9s, notamment  <\/p>\n<ul>\n<li>Gouvernements locaux et nationaux : pour la gestion et la pr\u00e9servation des sites historiques.<\/li>\n<li>Organisations de conservation : groupes qui se consacrent \u00e0 la pr\u00e9servation du patrimoine culturel.<\/li>\n<li>Architectes et restaurateurs : professionnels charg\u00e9s de la r\u00e9novation ou de la restauration de structures historiques.<\/li>\n<li>Institutions d&rsquo;enseignement et de recherche : \u00e9tude et documentation du patrimoine culturel.<\/li>\n<\/ul>\n<p>  Gr\u00e2ce \u00e0 l&rsquo;utilisation appropri\u00e9e de ces techniques, les \u00e9tudes ant\u00e9rieures sur le patrimoine culturel deviennent un outil indispensable pour comprendre, pr\u00e9server et respecter notre patrimoine historique et culturel.<\/p>\n            <\/div>\n          <\/div>\n                <div class=\"c-faqs__item\">\n            <div class=\"c-faqs__item-question\">\n              D\u00e9marrer votre projet avec TESELA             <\/div>\n            <div class=\"c-faqs__item-answer\">\n              <h3>Conseils personnalis\u00e9s<\/h3>\n<p class=\"Textbody\">Chez TESELA, chaque projet est unique. Nous offrons des conseils personnalis\u00e9s pour r\u00e9pondre aux besoins sp\u00e9cifiques de chaque client, en veillant \u00e0 ce que chaque intervention sur le patrimoine soit appropri\u00e9e et respectueuse.<\/p>\n<h3>Innovation et durabilit\u00e9<\/h3>\n<p class=\"Textbody\">Engag\u00e9s dans le d\u00e9veloppement durable, nous utilisons des mat\u00e9riaux et des m\u00e9thodes qui minimisent l&rsquo;impact sur l&rsquo;environnement, tout en garantissant la protection et la conservation de notre patrimoine.<\/p>\n<p class=\"Textbody\">Maintenant que vous avez d\u00e9couvert l&rsquo;importance et le processus des \u00e9tudes pr\u00e9alables dans le domaine du patrimoine et de la gestion du patrimoine, \u00eates-vous pr\u00eat \u00e0 passer \u00e0 l&rsquo;\u00e9tape suivante de votre projet ? TESELA est l\u00e0 pour vous aider \u00e0 transformer cette vision en r\u00e9alit\u00e9.<\/p>\n<p class=\"Textbody\">\n            <\/div>\n          <\/div>\n          <\/div>\n\n  <\/div>\n","protected":false},"excerpt":{"rendered":"<p>Nous offrons une large gamme de services allant de la caract\u00e9risation, l&rsquo;\u00e9tude et le d\u00e9veloppement de tous les types de mat\u00e9riaux utilis\u00e9s dans la construction et la conservation\/restauration du patrimoine \u00e0 des services de conseil et de recherche destin\u00e9s aux entreprises de fabrication de mat\u00e9riaux dans le secteur de la construction et de la restauration. [&hellip;]<\/p>\n","protected":false},"author":1,"featured_media":2137,"parent":2102,"menu_order":1,"comment_status":"closed","ping_status":"closed","template":"page-ambito-children.php","meta":{"_acf_changed":false,"footnotes":""},"class_list":["post-2121","page","type-page","status-publish","has-post-thumbnail","hentry"],"acf":[],"_links":{"self":[{"href":"https:\/\/teselainnova.com\/fr\/wp-json\/wp\/v2\/pages\/2121","targetHints":{"allow":["GET"]}}],"collection":[{"href":"https:\/\/teselainnova.com\/fr\/wp-json\/wp\/v2\/pages"}],"about":[{"href":"https:\/\/teselainnova.com\/fr\/wp-json\/wp\/v2\/types\/page"}],"author":[{"embeddable":true,"href":"https:\/\/teselainnova.com\/fr\/wp-json\/wp\/v2\/users\/1"}],"replies":[{"embeddable":true,"href":"https:\/\/teselainnova.com\/fr\/wp-json\/wp\/v2\/comments?post=2121"}],"version-history":[{"count":0,"href":"https:\/\/teselainnova.com\/fr\/wp-json\/wp\/v2\/pages\/2121\/revisions"}],"up":[{"embeddable":true,"href":"https:\/\/teselainnova.com\/fr\/wp-json\/wp\/v2\/pages\/2102"}],"wp:featuredmedia":[{"embeddable":true,"href":"https:\/\/teselainnova.com\/fr\/wp-json\/wp\/v2\/media\/2137"}],"wp:attachment":[{"href":"https:\/\/teselainnova.com\/fr\/wp-json\/wp\/v2\/media?parent=2121"}],"curies":[{"name":"wp","href":"https:\/\/api.w.org\/{rel}","templated":true}]}}