{"id":2115,"date":"2023-05-31T16:41:47","date_gmt":"2023-05-31T14:41:47","guid":{"rendered":"https:\/\/teselainnova.com\/talent\/"},"modified":"2024-04-22T17:34:58","modified_gmt":"2024-04-22T15:34:58","slug":"entrainement","status":"publish","type":"page","link":"https:\/\/teselainnova.com\/fr\/entrainement\/","title":{"rendered":"Travailler avec nous"},"content":{"rendered":"\n<div class=\"wp-block-columns is-layout-flex wp-container-core-columns-is-layout-28f84493 wp-block-columns-is-layout-flex\">\n<div class=\"wp-block-column is-layout-flow wp-block-column-is-layout-flow\" style=\"flex-basis:66.66%\">\n<p>TESELA propose des stages universitaires, ou votre m\u00e9moire de master si vous \u00eates inscrit en master \u00ab\u00a0.<strong>Ciencia y Tecnolog\u00eda en Patrimonio Arquitect\u00f3nico\u201d <\/strong>de l&rsquo;Universit\u00e9 de Granada.<\/p>\n\n\n\n<p>Plus d&rsquo;informations : <a href=\"https:\/\/masteres.ugr.es\/citpa\/\" target=\"_blank\" rel=\"noreferrer noopener\">https:\/\/masteres.ugr.es\/citpa<\/a><a href=\"https:\/\/masteres.ugr.es\/citpa\/\" rel=\"noreferrer noopener\" target=\"_blank\">\/<\/a><\/p>\n\n\n\n<p>Si vous ne trouvez pas ce que vous cherchez et que vous souhaitez nous contacter, envoyez-nous votre autoplaquette.<\/p>\n<\/div>\n\n\n\n<div class=\"wp-block-column is-layout-flow wp-block-column-is-layout-flow\" style=\"flex-basis:33.33%\">\n<div class=\"wpcf7 no-js\" id=\"wpcf7-f4038-o1\" lang=\"fr-FR\" dir=\"ltr\" data-wpcf7-id=\"4038\">\n<div class=\"screen-reader-response\"><p role=\"status\" aria-live=\"polite\" aria-atomic=\"true\"><\/p> <ul><\/ul><\/div>\n<form action=\"\/fr\/wp-json\/wp\/v2\/pages\/2115#wpcf7-f4038-o1\" method=\"post\" class=\"wpcf7-form init\" aria-label=\"Formulaire de contact\" enctype=\"multipart\/form-data\" novalidate=\"novalidate\" data-status=\"init\">\n<fieldset class=\"hidden-fields-container\"><input type=\"hidden\" name=\"_wpcf7\" value=\"4038\" \/><input type=\"hidden\" name=\"_wpcf7_version\" value=\"6.1.5\" \/><input type=\"hidden\" name=\"_wpcf7_locale\" value=\"fr_FR\" \/><input type=\"hidden\" name=\"_wpcf7_unit_tag\" value=\"wpcf7-f4038-o1\" \/><input type=\"hidden\" name=\"_wpcf7_container_post\" value=\"0\" \/><input type=\"hidden\" name=\"_wpcf7_posted_data_hash\" value=\"\" \/>\n<\/fieldset>\n<div class=\"cf7-custom-css\">\n\t<div class=\"fields\">\n\t\t<div class=\"field-item\">\n\t\t\t<p><span class=\"wpcf7-form-control-wrap\" data-name=\"your-name\"><input size=\"40\" maxlength=\"400\" class=\"wpcf7-form-control wpcf7-text wpcf7-validates-as-required\" aria-required=\"true\" aria-invalid=\"false\" placeholder=\"Nom\" value=\"\" type=\"text\" name=\"your-name\" \/><\/span>\n\t\t\t<\/p>\n\t\t<\/div>\n\t<\/div>\n\t<div class=\"fields fields-cols\">\n\t\t<div class=\"field-item\">\n\t\t\t<p><span class=\"wpcf7-form-control-wrap\" data-name=\"your-email\"><input size=\"40\" maxlength=\"400\" class=\"wpcf7-form-control wpcf7-email wpcf7-validates-as-required wpcf7-text wpcf7-validates-as-email\" aria-required=\"true\" aria-invalid=\"false\" placeholder=\"E-mail\" value=\"\" type=\"email\" name=\"your-email\" \/><\/span>\n\t\t\t<\/p>\n\t\t<\/div>\n\t\t<div class=\"field-item\">\n\t\t\t<p>[honeypot email]\n\t\t\t<\/p>\n\t\t<\/div>\n\t\t<div class=\"field-item field-item-last\">\n\t\t\t<p><span class=\"wpcf7-form-control-wrap\" data-name=\"tel-104\"><input size=\"40\" maxlength=\"400\" class=\"wpcf7-form-control wpcf7-tel wpcf7-validates-as-required wpcf7-text wpcf7-validates-as-tel\" aria-required=\"true\" aria-invalid=\"false\" placeholder=\"T\u00e9l\u00e9phone\" value=\"\" type=\"tel\" name=\"tel-104\" \/><\/span>\n\t\t\t<\/p>\n\t\t<\/div>\n\t\t<div class=\"field-item field-item-last\">\n\t\t\t<p><label>Joindre CV :<\/label><span class=\"wpcf7-form-control-wrap\" data-name=\"file-614\"><input size=\"40\" class=\"wpcf7-form-control wpcf7-file wpcf7-validates-as-required\" accept=\"audio\/*,video\/*,image\/*\" aria-required=\"true\" aria-invalid=\"false\" type=\"file\" name=\"file-614\" \/><\/span>\n\t\t\t<\/p>\n\t\t<\/div>\n\t<\/div>\n\t<div class=\"fields\">\n\t\t<div class=\"field-item\">\n\t\t\t<p><span class=\"wpcf7-form-control-wrap\" data-name=\"your-message\"><textarea cols=\"40\" rows=\"10\" maxlength=\"2000\" class=\"wpcf7-form-control wpcf7-textarea\" aria-invalid=\"false\" placeholder=\"Courte pr\u00e9sentation...\" name=\"your-message\"><\/textarea><\/span>\n\t\t\t<\/p>\n\t\t<\/div>\n\t<\/div>\n\t<div class=\"conditions\">\n\t\t<p><span class=\"wpcf7-form-control-wrap\" data-name=\"acceptance-254\"><span class=\"wpcf7-form-control wpcf7-acceptance\"><span class=\"wpcf7-list-item\"><input type=\"checkbox\" name=\"acceptance-254\" value=\"1\" id=\"validarPolitica\" aria-invalid=\"false\" \/><\/span><\/span><\/span> J'ai <a href=\"https:\/\/teselainnova.com\/politica-de-privacidad\/\" rel=\"nofollow\" target=\"_blank\">lu et accept\u00e9<\/a> la politique de confidentialit\u00e9.\n\t\t<\/p>\n\t<\/div>\n\t<div class=\"submit\">\n\t\t<p><input class=\"wpcf7-form-control wpcf7-submit has-spinner et_pb_contact_submit et_pb_button\" type=\"submit\" value=\"Enviar\" \/>\n\t\t<\/p>\n\t<\/div>\n<\/div><div class=\"wpcf7-response-output\" aria-hidden=\"true\"><\/div>\n<\/form>\n<\/div>\n\n<\/div>\n<\/div>\n\n<p>TESELA offre l&rsquo;\u00e9galit\u00e9 des chances en mati\u00e8re d&#8217;emploi \u00e0 tout candidat et s&rsquo;engage \u00e0 veiller \u00e0 ce qu&rsquo;il n&rsquo;y ait pas de discrimination directe ou indirecte fond\u00e9e sur la race, l&rsquo;\u00e2ge, les convictions religieuses, le sexe, la nationalit\u00e9, l&rsquo;\u00e9tat matrimonial ou familial, l&rsquo;orientation sexuelle ou le handicap.<\/p>\n\n<p>TESELA g\u00e8re ses processus de s\u00e9lection et de recrutement de mani\u00e8re non discriminatoire et conform\u00e9ment aux lois applicables.<\/p>\n\n<p>TESELA est b\u00e9n\u00e9ficiaire du \u00ab\u00a0Programa Investigo\u00a0\u00bb, qui permet l&#8217;embauche de jeunes chercheurs qui participent \u00e0 un projet de recherche.<\/p>\n\n<div class=\"wp-block-columns is-layout-flex wp-container-core-columns-is-layout-28f84493 wp-block-columns-is-layout-flex\">\n<div class=\"wp-block-column is-layout-flow wp-block-column-is-layout-flow\">\n<figure class=\"wp-block-image aligncenter size-large is-resized\"><img decoding=\"async\" width=\"1024\" height=\"301\" src=\"https:\/\/teselainnova.com\/wp-content\/uploads\/2024\/03\/es_financiado_por_la_union_europea_pos-1024x301.jpg\" alt=\"\" class=\"wp-image-4449\" style=\"width:304px;height:auto\" title=\"\" srcset=\"https:\/\/teselainnova.com\/wp-content\/uploads\/2024\/03\/es_financiado_por_la_union_europea_pos-1024x301.jpg 1024w, https:\/\/teselainnova.com\/wp-content\/uploads\/2024\/03\/es_financiado_por_la_union_europea_pos-300x88.jpg 300w, https:\/\/teselainnova.com\/wp-content\/uploads\/2024\/03\/es_financiado_por_la_union_europea_pos-768x225.jpg 768w, https:\/\/teselainnova.com\/wp-content\/uploads\/2024\/03\/es_financiado_por_la_union_europea_pos-1536x451.jpg 1536w, https:\/\/teselainnova.com\/wp-content\/uploads\/2024\/03\/es_financiado_por_la_union_europea_pos-2048x601.jpg 2048w, https:\/\/teselainnova.com\/wp-content\/uploads\/2024\/03\/es_financiado_por_la_union_europea_pos-20x6.jpg 20w\" sizes=\"(max-width: 1024px) 100vw, 1024px\" \/><\/figure>\n<\/div>\n\n\n\n<div class=\"wp-block-column is-layout-flow wp-block-column-is-layout-flow\">\n<figure class=\"wp-block-image aligncenter size-large is-resized\"><img decoding=\"async\" width=\"1024\" height=\"224\" src=\"https:\/\/teselainnova.com\/wp-content\/uploads\/2024\/03\/GOBMTESSEPE_H_NEGRO-1024x224.jpg\" alt=\"\" class=\"wp-image-4452\" style=\"width:377px;height:auto\" title=\"\" srcset=\"https:\/\/teselainnova.com\/wp-content\/uploads\/2024\/03\/GOBMTESSEPE_H_NEGRO-1024x224.jpg 1024w, https:\/\/teselainnova.com\/wp-content\/uploads\/2024\/03\/GOBMTESSEPE_H_NEGRO-300x66.jpg 300w, https:\/\/teselainnova.com\/wp-content\/uploads\/2024\/03\/GOBMTESSEPE_H_NEGRO-768x168.jpg 768w, https:\/\/teselainnova.com\/wp-content\/uploads\/2024\/03\/GOBMTESSEPE_H_NEGRO-20x4.jpg 20w, https:\/\/teselainnova.com\/wp-content\/uploads\/2024\/03\/GOBMTESSEPE_H_NEGRO.jpg 1500w\" sizes=\"(max-width: 1024px) 100vw, 1024px\" \/><\/figure>\n<\/div>\n\n\n\n<div class=\"wp-block-column is-layout-flow wp-block-column-is-layout-flow\">\n<figure class=\"wp-block-image aligncenter size-large is-resized\"><img decoding=\"async\" src=\"https:\/\/teselainnova.com\/wp-content\/uploads\/2024\/03\/Logo-PRTR-tres-li&#x2560;uneas_COLOR-1024x576.png\" alt=\"\" class=\"wp-image-4455\" style=\"width:246px;height:auto\" title=\"\"><\/figure>\n<\/div>\n<\/div>\n\n<div class=\"wp-block-columns is-layout-flex wp-container-core-columns-is-layout-28f84493 wp-block-columns-is-layout-flex\">\n<div class=\"wp-block-column is-layout-flow wp-block-column-is-layout-flow\">\n<figure class=\"wp-block-image aligncenter size-full is-resized\"><img decoding=\"async\" width=\"275\" height=\"294\" src=\"https:\/\/teselainnova.com\/wp-content\/uploads\/2024\/03\/Logotipo_del_Sistema_Nacional_de_Empleo_SNE_Espana.webp\" alt=\"\" class=\"wp-image-4458\" style=\"width:105px;height:auto\" title=\"\" srcset=\"https:\/\/teselainnova.com\/wp-content\/uploads\/2024\/03\/Logotipo_del_Sistema_Nacional_de_Empleo_SNE_Espana.webp 275w, https:\/\/teselainnova.com\/wp-content\/uploads\/2024\/03\/Logotipo_del_Sistema_Nacional_de_Empleo_SNE_Espana-20x20.webp 20w\" sizes=\"(max-width: 275px) 100vw, 275px\" \/><\/figure>\n<\/div>\n\n\n\n<div class=\"wp-block-column is-layout-flow wp-block-column-is-layout-flow\">\n<figure class=\"wp-block-image aligncenter size-large is-resized\"><img decoding=\"async\" width=\"1024\" height=\"771\" src=\"https:\/\/teselainnova.com\/wp-content\/uploads\/2024\/03\/Logo_de_la_Consejeria_de_Empleo_Empresa_y_Trabajo_Autonomo_de_la_Junta_de_Andalucia-1024x771.png\" alt=\"\" class=\"wp-image-4464\" style=\"width:216px;height:auto\" title=\"\" srcset=\"https:\/\/teselainnova.com\/wp-content\/uploads\/2024\/03\/Logo_de_la_Consejeria_de_Empleo_Empresa_y_Trabajo_Autonomo_de_la_Junta_de_Andalucia-1024x771.png 1024w, https:\/\/teselainnova.com\/wp-content\/uploads\/2024\/03\/Logo_de_la_Consejeria_de_Empleo_Empresa_y_Trabajo_Autonomo_de_la_Junta_de_Andalucia-300x226.png 300w, https:\/\/teselainnova.com\/wp-content\/uploads\/2024\/03\/Logo_de_la_Consejeria_de_Empleo_Empresa_y_Trabajo_Autonomo_de_la_Junta_de_Andalucia-768x579.png 768w, https:\/\/teselainnova.com\/wp-content\/uploads\/2024\/03\/Logo_de_la_Consejeria_de_Empleo_Empresa_y_Trabajo_Autonomo_de_la_Junta_de_Andalucia-20x15.png 20w, https:\/\/teselainnova.com\/wp-content\/uploads\/2024\/03\/Logo_de_la_Consejeria_de_Empleo_Empresa_y_Trabajo_Autonomo_de_la_Junta_de_Andalucia.png 1192w\" sizes=\"(max-width: 1024px) 100vw, 1024px\" \/><\/figure>\n<\/div>\n<\/div>\n","protected":false},"excerpt":{"rendered":"<p>TESELA propose des stages universitaires, ou votre m\u00e9moire de master si vous \u00eates inscrit en master \u00ab\u00a0.Ciencia y Tecnolog\u00eda en Patrimonio Arquitect\u00f3nico\u201d de l&rsquo;Universit\u00e9 de Granada. Plus d&rsquo;informations : https:\/\/masteres.ugr.es\/citpa\/ Si vous ne trouvez pas ce que vous cherchez et que vous souhaitez nous contacter, envoyez-nous votre autoplaquette. TESELA offre l&rsquo;\u00e9galit\u00e9 des chances en mati\u00e8re [&hellip;]<\/p>\n","protected":false},"author":1,"featured_media":2771,"parent":0,"menu_order":15,"comment_status":"closed","ping_status":"closed","template":"","meta":{"_acf_changed":false,"footnotes":""},"class_list":["post-2115","page","type-page","status-publish","has-post-thumbnail","hentry"],"acf":[],"_links":{"self":[{"href":"https:\/\/teselainnova.com\/fr\/wp-json\/wp\/v2\/pages\/2115","targetHints":{"allow":["GET"]}}],"collection":[{"href":"https:\/\/teselainnova.com\/fr\/wp-json\/wp\/v2\/pages"}],"about":[{"href":"https:\/\/teselainnova.com\/fr\/wp-json\/wp\/v2\/types\/page"}],"author":[{"embeddable":true,"href":"https:\/\/teselainnova.com\/fr\/wp-json\/wp\/v2\/users\/1"}],"replies":[{"embeddable":true,"href":"https:\/\/teselainnova.com\/fr\/wp-json\/wp\/v2\/comments?post=2115"}],"version-history":[{"count":0,"href":"https:\/\/teselainnova.com\/fr\/wp-json\/wp\/v2\/pages\/2115\/revisions"}],"wp:featuredmedia":[{"embeddable":true,"href":"https:\/\/teselainnova.com\/fr\/wp-json\/wp\/v2\/media\/2771"}],"wp:attachment":[{"href":"https:\/\/teselainnova.com\/fr\/wp-json\/wp\/v2\/media?parent=2115"}],"curies":[{"name":"wp","href":"https:\/\/api.w.org\/{rel}","templated":true}]}}