{"id":2110,"date":"2023-05-31T17:18:45","date_gmt":"2023-05-31T15:18:45","guid":{"rendered":"https:\/\/teselainnova.com\/tesela\/qui-sommes-nous\/"},"modified":"2024-09-03T11:35:03","modified_gmt":"2024-09-03T09:35:03","slug":"qui-sommes-nous","status":"publish","type":"page","link":"https:\/\/teselainnova.com\/fr\/tesela\/qui-sommes-nous\/","title":{"rendered":"Qui sommes-nous ?"},"content":{"rendered":"\n<div class=\"wp-block-cover alignfull is-light has-custom-content-position is-position-center-left\" style=\"margin-top:0;margin-bottom:0;padding-top:0;padding-right:0;padding-bottom:0;padding-left:0;min-height:400px;aspect-ratio:unset;\"><span aria-hidden=\"true\" class=\"wp-block-cover__background has-background-dim-0 has-background-dim\"><\/span><img decoding=\"async\" class=\"wp-block-cover__image-background wp-image-544\" alt=\"\" src=\"https:\/\/teselainnova.com\/wp-content\/uploads\/2023\/06\/banner-quienes-somos-tesela-jpg.webp\" data-object-fit=\"cover\" title=\"\"><div class=\"wp-block-cover__inner-container is-layout-flow wp-block-cover-is-layout-flow\">\n<h1 class=\"wp-block-heading has-white-color has-text-color\">Qui sommes-nous ?<\/h1>\n\n\n<nav aria-label=\"breadcrumbs\" class=\"rank-math-breadcrumb\"><p><span class=\"last\">Page d&#039;accueil<\/span><\/p><\/nav>\n<\/div><\/div>\n\n<h2 class=\"wp-block-heading has-grey-extra-dark-color has-text-color\">Une entreprise innovante bas\u00e9e sur la science et la technologie <\/h2>\n\n<p><strong>TESELA est un centre de recherche appliqu\u00e9e et de d\u00e9veloppement technologique en Espagne, dont le domaine d&rsquo;activit\u00e9 est li\u00e9 aux mati\u00e8res premi\u00e8res, aux mat\u00e9riaux de construction et au patrimoine culturel.<\/strong> Nous travaillons avec les entreprises et les institutions pour am\u00e9liorer leur comp\u00e9titivit\u00e9, la qualit\u00e9 de vie des personnes et parvenir \u00e0 une croissance durable. Nous y parvenons gr\u00e2ce \u00e0 des personnes passionn\u00e9es par la technologie et engag\u00e9es dans la construction d&rsquo;une soci\u00e9t\u00e9 meilleure.<\/p>\n\n<ul class=\"wp-block-list\">\n<li><strong>Notre mission : transformer la recherche technologique en prosp\u00e9rit\u00e9.<\/strong><\/li>\n\n\n\n<li><strong>Notre vision : \u00eatre des agents de transformation pour les entreprises et la soci\u00e9t\u00e9 afin de s&rsquo;adapter aux d\u00e9fis d&rsquo;un avenir en constante \u00e9volution.<\/strong><\/li>\n<\/ul>\n\n<p>Nous collaborons avec un mod\u00e8le de relation de plus en plus strat\u00e9gique avec les entreprises, bas\u00e9 sur la confiance, la collaboration et une strat\u00e9gie technologique partag\u00e9e, nos principaux domaines d&rsquo;action \u00e9tant : les mat\u00e9riaux historiques, le patrimoine architectural, la fabrication additive, l&rsquo;efficacit\u00e9 \u00e9nerg\u00e9tique, l&rsquo;\u00e9conomie circulaire, les liants hydrauliques, les polym\u00e8res.<\/p>\n\n<div class=\"wp-block-columns alignwide are-vertically-aligned-center is-layout-flex wp-container-core-columns-is-layout-65744f90 wp-block-columns-is-layout-flex\" style=\"padding-top:0;padding-right:0;padding-bottom:0;padding-left:0\">\n<div class=\"wp-block-column is-vertically-aligned-center is-layout-flow wp-block-column-is-layout-flow\" style=\"flex-basis:66.66%\">\n<figure class=\"wp-block-image alignwide size-full\"><img decoding=\"async\" src=\"https:\/\/teselainnova.com\/wp-content\/uploads\/2023\/06\/equipo-tesela-jpg.webp\" alt=\"\" class=\"wp-image-547\" title=\"\"><\/figure>\n<\/div>\n\n\n\n<div class=\"wp-block-column is-vertically-aligned-center is-layout-flow wp-block-column-is-layout-flow\" style=\"flex-basis:33.33%\">\n<p style=\"padding-top:0;padding-right:var(--wp--preset--spacing--50);padding-bottom:0;padding-left:var(--wp--preset--spacing--50)\">Parmi ses membres fondateurs, TESELA compte le professeur Eduardo Sebasti\u00e1n Pardo, chercheur principal du groupe de recherche \u00ab\u00a0\u00c9tude et conservation des mat\u00e9riaux de construction dans le patrimoine architectural\u00a0\u00bb du d\u00e9partement de min\u00e9ralogie et de p\u00e9trologie de l&rsquo;universit\u00e9 de Valence. <strong><mark style=\"background-color:rgba(0, 0, 0, 0)\" class=\"has-inline-color has-olive-color\">D\u00e9partement de min\u00e9ralogie et de p\u00e9trologie<\/mark><\/strong> de l&rsquo;universit\u00e9 de Grenade. C&rsquo;est ainsi que TESELA a pu na\u00eetre avec le sceau UGR spin-off, d\u00e9cern\u00e9 par l&rsquo;Universit\u00e9 de Grenade elle-m\u00eame aux initiatives d&rsquo;entreprises issues de l&rsquo;Universit\u00e9 qui attestent de l&rsquo;excellence des connaissances dans un domaine sp\u00e9cifique : dans notre cas, les mat\u00e9riaux en g\u00e9n\u00e9ral, et ceux li\u00e9s au patrimoine historique en particulier.<\/p>\n<\/div>\n<\/div>\n\n  <div id=\"fullwidth-video-block_6fe94bfb93fe3a5f554905a261133c81\" class=\"c-block-fullwidth-video alignfull glightbox\" data-gallery=\"fullwidth-video-block_6fe94bfb93fe3a5f554905a261133c81\">\n          <a href=\" https:\/\/www.youtube.com\/watch?v=VDoiULZrFbs\" class=\"c-block-fullwidth-video__link\">\n        <img width=\"1600\" height=\"626\" src=\"https:\/\/teselainnova.com\/wp-content\/uploads\/2023\/06\/edificio-tesela-jpg-webp.webp\" class=\"c-block-fullwidth-video__bg\" alt=\"\" loading=\"lazy\" fetchpriority=\"low\" decoding=\"async\" srcset=\"https:\/\/teselainnova.com\/wp-content\/uploads\/2023\/06\/edificio-tesela-jpg-webp.webp 1600w, https:\/\/teselainnova.com\/wp-content\/uploads\/2023\/06\/edificio-tesela-jpg-webp-300x117.webp 300w, https:\/\/teselainnova.com\/wp-content\/uploads\/2023\/06\/edificio-tesela-jpg-webp-1024x401.webp 1024w, https:\/\/teselainnova.com\/wp-content\/uploads\/2023\/06\/edificio-tesela-jpg-webp-768x300.webp 768w, https:\/\/teselainnova.com\/wp-content\/uploads\/2023\/06\/edificio-tesela-jpg-webp-1536x601.webp 1536w, https:\/\/teselainnova.com\/wp-content\/uploads\/2023\/06\/edificio-tesela-jpg-webp-20x8.webp 20w\" sizes=\"auto, (max-width: 1600px) 100vw, 1600px\" title=\"\">      <\/a>\n      <\/div>\n\n\n  <div id=\"cta-block_00e5aa6dec516c2682ea94719815edda\" class=\"c-block-cta alignwide\">\n\n    <div class=\"o-grid o-grid--align-center c-block-cta__grid\">\n      <div class=\"o-grid__col u-12 u-5@sm\">\n        <div class=\"c-block-cta__content\">\n          <h2 class=\"c-block-cta__title\">Une \u00e9quipe \u00e0 l&rsquo;avant-garde<\/h2><div class=\"c-block-cta__description\"><p>Cette exp\u00e9rience, alli\u00e9e aux techniques instrumentales les plus avant-gardistes, a permis au groupe de mener \u00e0 bien de nombreux projets de conservation et de restauration architecturale de divers b\u00e2timents historiques et monumentaux, ainsi que des \u00e9tudes de diagnostic pr\u00e9alables au projet d&rsquo;intervention et un travail de conseil pendant l&rsquo;ex\u00e9cution des travaux et sur le comportement et la qualit\u00e9 technique des diff\u00e9rents mat\u00e9riaux.<\/p>\n<\/div>        <\/div>\n      <\/div>\n      <div class=\"o-grid__col u-12 u-offset-1@sm u-6@sm\">\n                  <div class=\"c-block-cta__slider js-block-cta-slider\">\n            <div class=\"swiper\">\n              <div class=\"swiper-wrapper\">\n                                  <div class=\"swiper-slide\">\n                    <img width=\"700\" height=\"466\" src=\"https:\/\/teselainnova.com\/wp-content\/uploads\/2023\/06\/equipo-vanguardia-01-tesela-jpg-webp-700x466.webp\" class=\"c-block-cta__slider-img\" alt=\"\" fetchpriority=\"low\" decoding=\"async\" loading=\"lazy\" srcset=\"https:\/\/teselainnova.com\/wp-content\/uploads\/2023\/06\/equipo-vanguardia-01-tesela-jpg-webp-700x466.webp 700w, https:\/\/teselainnova.com\/wp-content\/uploads\/2023\/06\/equipo-vanguardia-01-tesela-jpg-webp-300x200.webp 300w, https:\/\/teselainnova.com\/wp-content\/uploads\/2023\/06\/equipo-vanguardia-01-tesela-jpg-webp-20x13.webp 20w, https:\/\/teselainnova.com\/wp-content\/uploads\/2023\/06\/equipo-vanguardia-01-tesela-jpg-webp.webp 908w\" sizes=\"auto, (max-width: 700px) 100vw, 700px\" title=\"\">                  <\/div>\n                                  <div class=\"swiper-slide\">\n                    <img width=\"700\" height=\"466\" src=\"https:\/\/teselainnova.com\/wp-content\/uploads\/2023\/06\/equipo-vanguardia-02-tesela-jpg-webp-700x466.webp\" class=\"c-block-cta__slider-img\" alt=\"\" fetchpriority=\"low\" decoding=\"async\" loading=\"lazy\" srcset=\"https:\/\/teselainnova.com\/wp-content\/uploads\/2023\/06\/equipo-vanguardia-02-tesela-jpg-webp-700x466.webp 700w, https:\/\/teselainnova.com\/wp-content\/uploads\/2023\/06\/equipo-vanguardia-02-tesela-jpg-webp-300x200.webp 300w, https:\/\/teselainnova.com\/wp-content\/uploads\/2023\/06\/equipo-vanguardia-02-tesela-jpg-webp-768x511.webp 768w, https:\/\/teselainnova.com\/wp-content\/uploads\/2023\/06\/equipo-vanguardia-02-tesela-jpg-webp-20x13.webp 20w, https:\/\/teselainnova.com\/wp-content\/uploads\/2023\/06\/equipo-vanguardia-02-tesela-jpg-webp.webp 910w\" sizes=\"auto, (max-width: 700px) 100vw, 700px\" title=\"\">                  <\/div>\n                                  <div class=\"swiper-slide\">\n                    <img width=\"700\" height=\"466\" src=\"https:\/\/teselainnova.com\/wp-content\/uploads\/2023\/06\/equipo-vanguardia-03-tesela-jpg-webp-700x466.webp\" class=\"c-block-cta__slider-img\" alt=\"\" fetchpriority=\"low\" decoding=\"async\" loading=\"lazy\" srcset=\"https:\/\/teselainnova.com\/wp-content\/uploads\/2023\/06\/equipo-vanguardia-03-tesela-jpg-webp-700x466.webp 700w, https:\/\/teselainnova.com\/wp-content\/uploads\/2023\/06\/equipo-vanguardia-03-tesela-jpg-webp-300x199.webp 300w, https:\/\/teselainnova.com\/wp-content\/uploads\/2023\/06\/equipo-vanguardia-03-tesela-jpg-webp-20x13.webp 20w\" sizes=\"auto, (max-width: 700px) 100vw, 700px\" title=\"\">                  <\/div>\n                                  <div class=\"swiper-slide\">\n                    <img width=\"700\" height=\"466\" src=\"https:\/\/teselainnova.com\/wp-content\/uploads\/2023\/06\/equipo-vanguardia-04-tesela-jpg-webp-700x466.webp\" class=\"c-block-cta__slider-img\" alt=\"\" fetchpriority=\"low\" decoding=\"async\" loading=\"lazy\" srcset=\"https:\/\/teselainnova.com\/wp-content\/uploads\/2023\/06\/equipo-vanguardia-04-tesela-jpg-webp-700x466.webp 700w, https:\/\/teselainnova.com\/wp-content\/uploads\/2023\/06\/equipo-vanguardia-04-tesela-jpg-webp-300x199.webp 300w, https:\/\/teselainnova.com\/wp-content\/uploads\/2023\/06\/equipo-vanguardia-04-tesela-jpg-webp-20x13.webp 20w\" sizes=\"auto, (max-width: 700px) 100vw, 700px\" title=\"\">                  <\/div>\n                                  <div class=\"swiper-slide\">\n                    <img width=\"700\" height=\"466\" src=\"https:\/\/teselainnova.com\/wp-content\/uploads\/2023\/06\/equipo-vanguardia-05-tesela-jpg-webp-700x466.webp\" class=\"c-block-cta__slider-img\" alt=\"\" fetchpriority=\"low\" decoding=\"async\" loading=\"lazy\" srcset=\"https:\/\/teselainnova.com\/wp-content\/uploads\/2023\/06\/equipo-vanguardia-05-tesela-jpg-webp-700x466.webp 700w, https:\/\/teselainnova.com\/wp-content\/uploads\/2023\/06\/equipo-vanguardia-05-tesela-jpg-webp-300x199.webp 300w, https:\/\/teselainnova.com\/wp-content\/uploads\/2023\/06\/equipo-vanguardia-05-tesela-jpg-webp-20x13.webp 20w\" sizes=\"auto, (max-width: 700px) 100vw, 700px\" title=\"\">                  <\/div>\n                              <\/div>\n\n            <\/div>\n\n            <button class=\"swiper-custom-button-prev\"><\/button>\n<button class=\"swiper-custom-button-next\"><\/button>\n          <\/div>\n              <\/div>\n    <\/div>\n\n  <\/div>\n\n<p>L&rsquo;entreprise est compos\u00e9e d&rsquo;un personnel technique poss\u00e9dant les plus hautes qualifications acad\u00e9miques et une exp\u00e9rience av\u00e9r\u00e9e dans le domaine des mat\u00e9riaux de construction et de l&rsquo;intervention sur le patrimoine historique en vue de sa conservation et de sa protection. Il dispose \u00e9galement de la meilleure technologie pour r\u00e9aliser des \u00e9tudes et des recherches, en utilisant tous les instruments disponibles \u00e0 l&rsquo;universit\u00e9 de Grenade et dans les centres technologiques associ\u00e9s.<\/p>\n\n<div class=\"wp-block-cover alignfull is-light\" style=\"min-height:430px;aspect-ratio:unset;\"><span aria-hidden=\"true\" class=\"wp-block-cover__background has-background-dim-0 has-background-dim\"><\/span><img decoding=\"async\" width=\"1900\" height=\"511\" class=\"wp-block-cover__image-background wp-image-578\" alt=\"\" src=\"https:\/\/teselainnova.com\/wp-content\/uploads\/2023\/06\/prensa-tesela-jpg.webp\" data-object-fit=\"cover\" title=\"\" srcset=\"https:\/\/teselainnova.com\/wp-content\/uploads\/2023\/06\/prensa-tesela-jpg.webp 1900w, https:\/\/teselainnova.com\/wp-content\/uploads\/2023\/06\/prensa-tesela-jpg-300x81.webp 300w, https:\/\/teselainnova.com\/wp-content\/uploads\/2023\/06\/prensa-tesela-jpg-1024x275.webp 1024w, https:\/\/teselainnova.com\/wp-content\/uploads\/2023\/06\/prensa-tesela-jpg-768x207.webp 768w, https:\/\/teselainnova.com\/wp-content\/uploads\/2023\/06\/prensa-tesela-jpg-1536x413.webp 1536w\" sizes=\"(max-width: 1900px) 100vw, 1900px\" \/><div class=\"wp-block-cover__inner-container is-layout-flow wp-block-cover-is-layout-flow\">\n<p class=\"has-text-align-center has-large-font-size\"><\/p>\n<\/div><\/div>\n","protected":false},"excerpt":{"rendered":"<p>Une entreprise innovante bas\u00e9e sur la science et la technologie TESELA est un centre de recherche appliqu\u00e9e et de d\u00e9veloppement technologique en Espagne, dont le domaine d&rsquo;activit\u00e9 est li\u00e9 aux mati\u00e8res premi\u00e8res, aux mat\u00e9riaux de construction et au patrimoine culturel. Nous travaillons avec les entreprises et les institutions pour am\u00e9liorer leur comp\u00e9titivit\u00e9, la qualit\u00e9 de [&hellip;]<\/p>\n","protected":false},"author":1,"featured_media":0,"parent":2098,"menu_order":1,"comment_status":"closed","ping_status":"closed","template":"page-editor-sin-cabecera.php","meta":{"_acf_changed":false,"footnotes":""},"class_list":["post-2110","page","type-page","status-publish","hentry"],"acf":[],"_links":{"self":[{"href":"https:\/\/teselainnova.com\/fr\/wp-json\/wp\/v2\/pages\/2110","targetHints":{"allow":["GET"]}}],"collection":[{"href":"https:\/\/teselainnova.com\/fr\/wp-json\/wp\/v2\/pages"}],"about":[{"href":"https:\/\/teselainnova.com\/fr\/wp-json\/wp\/v2\/types\/page"}],"author":[{"embeddable":true,"href":"https:\/\/teselainnova.com\/fr\/wp-json\/wp\/v2\/users\/1"}],"replies":[{"embeddable":true,"href":"https:\/\/teselainnova.com\/fr\/wp-json\/wp\/v2\/comments?post=2110"}],"version-history":[{"count":0,"href":"https:\/\/teselainnova.com\/fr\/wp-json\/wp\/v2\/pages\/2110\/revisions"}],"up":[{"embeddable":true,"href":"https:\/\/teselainnova.com\/fr\/wp-json\/wp\/v2\/pages\/2098"}],"wp:attachment":[{"href":"https:\/\/teselainnova.com\/fr\/wp-json\/wp\/v2\/media?parent=2110"}],"curies":[{"name":"wp","href":"https:\/\/api.w.org\/{rel}","templated":true}]}}