{"id":2106,"date":"2023-05-31T17:18:48","date_gmt":"2023-05-31T15:18:48","guid":{"rendered":"https:\/\/teselainnova.com\/tesela\/politiques-et-certifications\/"},"modified":"2025-11-26T10:32:25","modified_gmt":"2025-11-26T09:32:25","slug":"politiques-et-certifications","status":"publish","type":"page","link":"https:\/\/teselainnova.com\/fr\/tesela\/politiques-et-certifications\/","title":{"rendered":"Politiques et certifications"},"content":{"rendered":"\n<p><\/p>\n\n<div class=\"wp-block-columns is-layout-flex wp-container-core-columns-is-layout-28f84493 wp-block-columns-is-layout-flex\">\n<div class=\"wp-block-column is-layout-flow wp-block-column-is-layout-flow\" style=\"flex-basis:33.33%\">\n<figure class=\"wp-block-image size-full is-resized\"><a href=\"https:\/\/teselainnova.com\/wp-content\/uploads\/2025\/09\/11393-Tesela-9001-2025-09.doc.pdf\" target=\"_blank\" rel=\" noreferrer noopener\"><img decoding=\"async\" width=\"504\" height=\"642\" src=\"https:\/\/teselainnova.com\/wp-content\/uploads\/2025\/09\/11393_9001_194465_11012023_IMAGE_COLOR.png\" alt=\"\" class=\"wp-image-6832\" style=\"width:127px;height:auto\" title=\"\" srcset=\"https:\/\/teselainnova.com\/wp-content\/uploads\/2025\/09\/11393_9001_194465_11012023_IMAGE_COLOR.png 504w, https:\/\/teselainnova.com\/wp-content\/uploads\/2025\/09\/11393_9001_194465_11012023_IMAGE_COLOR-236x300.png 236w, https:\/\/teselainnova.com\/wp-content\/uploads\/2025\/09\/11393_9001_194465_11012023_IMAGE_COLOR-350x445.png 350w\" sizes=\"(max-width: 504px) 100vw, 504px\" \/><\/a><\/figure>\n<\/div>\n\n\n\n<div class=\"wp-block-column is-layout-flow wp-block-column-is-layout-flow\" style=\"flex-basis:66.66%\">\n<div class=\"wp-block-group is-layout-constrained wp-block-group-is-layout-constrained\">\n<p>Le CQE certifie que TESELA, Materiales Innovaci\u00f3n y Patrimonio S.L. respecte la norme ISO 9001:2015. T\u00e9l\u00e9charger en cliquant sur le logo dans la marge de gauche. Le syst\u00e8me de gestion de la qualit\u00e9 s&rsquo;applique au champ d&rsquo;application suivant :<\/p>\n\n\n\n<ul class=\"wp-block-list\">\n<li>Mise \u00e0 disposition du service de caract\u00e9risation des mat\u00e9riaux de construction.<\/li>\n<\/ul>\n\n\n\n<ul class=\"wp-block-list\">\n<li>D\u00e9veloppement de projets de R&amp;D sur les mati\u00e8res premi\u00e8res et les mat\u00e9riaux de construction.<\/li>\n<\/ul>\n<\/div>\n<\/div>\n<\/div>\n\n<div class=\"wp-block-columns is-layout-flex wp-container-core-columns-is-layout-28f84493 wp-block-columns-is-layout-flex\">\n<div class=\"wp-block-column is-layout-flow wp-block-column-is-layout-flow\" style=\"flex-basis:33.33%\">\n<figure class=\"wp-block-image size-full is-resized\"><a href=\"https:\/\/teselainnova.com\/wp-content\/uploads\/2025\/09\/11393-Tesela-ISO-56001-2025-09.pdf\" target=\"_blank\" rel=\" noreferrer noopener\"><img decoding=\"async\" width=\"504\" height=\"642\" src=\"https:\/\/teselainnova.com\/wp-content\/uploads\/2025\/09\/11393-56001-Color.png\" alt=\"\" class=\"wp-image-6826\" style=\"width:127px\" title=\"\" srcset=\"https:\/\/teselainnova.com\/wp-content\/uploads\/2025\/09\/11393-56001-Color.png 504w, https:\/\/teselainnova.com\/wp-content\/uploads\/2025\/09\/11393-56001-Color-236x300.png 236w, https:\/\/teselainnova.com\/wp-content\/uploads\/2025\/09\/11393-56001-Color-350x445.png 350w\" sizes=\"(max-width: 504px) 100vw, 504px\" \/><\/a><\/figure>\n<\/div>\n\n\n\n<div class=\"wp-block-column is-layout-flow wp-block-column-is-layout-flow\" style=\"flex-basis:66.66%\">\n<div class=\"wp-block-group is-layout-constrained wp-block-group-is-layout-constrained\">\n<p>EQA Certifica que TESELA, Materiales Innovaci\u00f3n y Patrimonio S.L. es conforme con la norma ISO 56001:2024. T\u00e9l\u00e9charger en cliquant sur le logo dans la marge de gauche. Le syst\u00e8me de gestion de la qualit\u00e9 s&rsquo;applique au champ d&rsquo;application suivant :<\/p>\n\n\n\n<ul class=\"wp-block-list\">\n<li>D\u00e9veloppement de projets de R&amp;D sur les mati\u00e8res premi\u00e8res et les mat\u00e9riaux de construction.<\/li>\n<\/ul>\n<\/div>\n<\/div>\n<\/div>\n\n<div class=\"wp-block-columns is-layout-flex wp-container-core-columns-is-layout-28f84493 wp-block-columns-is-layout-flex\">\n<div class=\"wp-block-column is-layout-flow wp-block-column-is-layout-flow\" style=\"flex-basis:33.33%\">\n<figure class=\"wp-block-image size-full is-resized\"><a href=\"https:\/\/teselainnova.com\/wp-content\/uploads\/2025\/09\/11393-Tesela-14001-2015-2025-09.pdf\" target=\"_blank\" rel=\" noreferrer noopener\"><img decoding=\"async\" width=\"504\" height=\"642\" src=\"https:\/\/teselainnova.com\/wp-content\/uploads\/2025\/09\/11393-14001-BN.png\" alt=\"\" class=\"wp-image-6829\" style=\"width:127px;height:auto\" title=\"\" srcset=\"https:\/\/teselainnova.com\/wp-content\/uploads\/2025\/09\/11393-14001-BN.png 504w, https:\/\/teselainnova.com\/wp-content\/uploads\/2025\/09\/11393-14001-BN-236x300.png 236w, https:\/\/teselainnova.com\/wp-content\/uploads\/2025\/09\/11393-14001-BN-350x445.png 350w\" sizes=\"(max-width: 504px) 100vw, 504px\" \/><\/a><\/figure>\n<\/div>\n\n\n\n<div class=\"wp-block-column is-layout-flow wp-block-column-is-layout-flow\" style=\"flex-basis:66.66%\">\n<div class=\"wp-block-group is-layout-constrained wp-block-group-is-layout-constrained\">\n<p>Le CQE certifie que TESELA, Materiales Innovaci\u00f3n y Patrimonio S.L. est conforme \u00e0 la norme ISO 14001:2015. T\u00e9l\u00e9charger en cliquant sur le logo dans la marge de gauche. Le syst\u00e8me de gestion de la qualit\u00e9 s&rsquo;applique au champ d&rsquo;application suivant :<\/p>\n\n\n\n<ul class=\"wp-block-list\">\n<li>Mise \u00e0 disposition du service de caract\u00e9risation des mat\u00e9riaux de construction.<\/li>\n<\/ul>\n\n\n\n<ul class=\"wp-block-list\">\n<li>D\u00e9veloppement de projets de R&amp;D sur les mati\u00e8res premi\u00e8res et les mat\u00e9riaux de construction.<\/li>\n<\/ul>\n<\/div>\n<\/div>\n<\/div>\n\n<div class=\"wp-block-columns is-layout-flex wp-container-core-columns-is-layout-28f84493 wp-block-columns-is-layout-flex\">\n<div class=\"wp-block-column is-layout-flow wp-block-column-is-layout-flow\" style=\"flex-basis:33.33%\">\n<figure class=\"wp-block-image size-full is-resized\"><a href=\"https:\/\/teselainnova.com\/wp-content\/uploads\/2024\/07\/Resolucion-favorable.pdf\"><img decoding=\"async\" width=\"632\" height=\"915\" src=\"https:\/\/teselainnova.com\/wp-content\/uploads\/2024\/05\/pyme_tesela.jpg\" alt=\"\" class=\"wp-image-5431\" style=\"width:125px;height:181px\" title=\"\" srcset=\"https:\/\/teselainnova.com\/wp-content\/uploads\/2024\/05\/pyme_tesela.jpg 632w, https:\/\/teselainnova.com\/wp-content\/uploads\/2024\/05\/pyme_tesela-207x300.jpg 207w, https:\/\/teselainnova.com\/wp-content\/uploads\/2024\/05\/pyme_tesela-14x20.jpg 14w\" sizes=\"(max-width: 632px) 100vw, 632px\" \/><\/a><\/figure>\n<\/div>\n\n\n\n<div class=\"wp-block-column is-layout-flow wp-block-column-is-layout-flow\" style=\"flex-basis:66.66%\">\n<p>TESELA, Materiales Innovaci\u00f3n y Patrimonio S.L. \u00e0 partir du 21 mai 2024 et conform\u00e9ment aux articles 121 et 122 de la loi 39\/2015, du 1er octobre, sur la proc\u00e9dure administrative commune des administrations publiques, est inscrite au registre public des petites et moyennes entreprises innovantes avec le num\u00e9ro de dossier : PYI-2014-132445. T\u00e9l\u00e9charger en cliquant sur le logo qui appara\u00eet dans la marge de gauche. <\/p>\n<\/div>\n<\/div>\n\n<div class=\"wp-block-columns is-layout-flex wp-container-core-columns-is-layout-28f84493 wp-block-columns-is-layout-flex\">\n<div class=\"wp-block-column is-layout-flow wp-block-column-is-layout-flow\" style=\"flex-basis:33.33%\">\n<figure class=\"wp-block-image size-full is-resized\"><a href=\"https:\/\/teselainnova.com\/wp-content\/uploads\/2025\/05\/POC03_Politica-de-CMAIDI_2025.pdf\" target=\"_blank\" rel=\"noreferrer noopener\"><img decoding=\"async\" width=\"800\" height=\"800\" src=\"https:\/\/teselainnova.com\/wp-content\/uploads\/2023\/08\/quality_policy.png\" alt=\"\" class=\"wp-image-1866\" style=\"width:150px;height:150px\" title=\"\" srcset=\"https:\/\/teselainnova.com\/wp-content\/uploads\/2023\/08\/quality_policy.png 800w, https:\/\/teselainnova.com\/wp-content\/uploads\/2023\/08\/quality_policy-300x300.png 300w, https:\/\/teselainnova.com\/wp-content\/uploads\/2023\/08\/quality_policy-150x150.png 150w, https:\/\/teselainnova.com\/wp-content\/uploads\/2023\/08\/quality_policy-768x768.png 768w, https:\/\/teselainnova.com\/wp-content\/uploads\/2023\/08\/quality_policy-88x88.png 88w\" sizes=\"(max-width: 800px) 100vw, 800px\" \/><\/a><\/figure>\n<\/div>\n\n\n\n<div class=\"wp-block-column is-layout-flow wp-block-column-is-layout-flow\" style=\"flex-basis:66.66%\">\n<p>TESELA, Materiales Innovaci\u00f3n y Patrimonio S.L. a une politique de qualit\u00e9 conforme \u00e0 la r\u00e9glementation europ\u00e9enne en vigueur. T\u00e9l\u00e9charger en cliquant sur le logo dans la marge de gauche.<\/p>\n<\/div>\n<\/div>\n\n<div class=\"wp-block-columns is-layout-flex wp-container-core-columns-is-layout-28f84493 wp-block-columns-is-layout-flex\">\n<div class=\"wp-block-column is-layout-flow wp-block-column-is-layout-flow\" style=\"flex-basis:33.33%\">\n<figure class=\"wp-block-image size-full is-resized\"><a href=\"https:\/\/teselainnova.com\/wp-content\/uploads\/2025\/05\/VIS01_-Vision-y-Estrategia-TESELA-2025_Ed4.pdf\" target=\"_blank\" rel=\"noreferrer noopener\"><img decoding=\"async\" width=\"2560\" height=\"2560\" src=\"https:\/\/teselainnova.com\/wp-content\/uploads\/2024\/07\/strategy-vector-icon-3402812230-scaled.jpg\" alt=\"\" class=\"wp-image-5544\" style=\"width:150px;height:150px\" title=\"\" srcset=\"https:\/\/teselainnova.com\/wp-content\/uploads\/2024\/07\/strategy-vector-icon-3402812230-scaled.jpg 2560w, https:\/\/teselainnova.com\/wp-content\/uploads\/2024\/07\/strategy-vector-icon-3402812230-300x300.jpg 300w, https:\/\/teselainnova.com\/wp-content\/uploads\/2024\/07\/strategy-vector-icon-3402812230-1024x1024.jpg 1024w, https:\/\/teselainnova.com\/wp-content\/uploads\/2024\/07\/strategy-vector-icon-3402812230-150x150.jpg 150w, https:\/\/teselainnova.com\/wp-content\/uploads\/2024\/07\/strategy-vector-icon-3402812230-768x768.jpg 768w, https:\/\/teselainnova.com\/wp-content\/uploads\/2024\/07\/strategy-vector-icon-3402812230-1536x1536.jpg 1536w, https:\/\/teselainnova.com\/wp-content\/uploads\/2024\/07\/strategy-vector-icon-3402812230-2048x2048.jpg 2048w, https:\/\/teselainnova.com\/wp-content\/uploads\/2024\/07\/strategy-vector-icon-3402812230-88x88.jpg 88w, https:\/\/teselainnova.com\/wp-content\/uploads\/2024\/07\/strategy-vector-icon-3402812230-64x64.jpg 64w\" sizes=\"(max-width: 2560px) 100vw, 2560px\" \/><\/a><\/figure>\n<\/div>\n\n\n\n<div class=\"wp-block-column is-layout-flow wp-block-column-is-layout-flow\" style=\"flex-basis:66.66%\">\n<p>TESELA, Materiales Innovaci\u00f3n y Patrimonio S.L. a une vision d\u00e9finie de la politique de qualit\u00e9 conform\u00e9ment \u00e0 la r\u00e9glementation europ\u00e9enne en vigueur. T\u00e9l\u00e9charger en cliquant sur le logo dans la marge de gauche.<\/p>\n<\/div>\n<\/div>\n\n<div class=\"wp-block-columns is-layout-flex wp-container-core-columns-is-layout-28f84493 wp-block-columns-is-layout-flex\">\n<div class=\"wp-block-column is-layout-flow wp-block-column-is-layout-flow\" style=\"flex-basis:33.33%\">\n<figure class=\"wp-block-image size-thumbnail\"><a href=\"https:\/\/teselainnova.com\/wp-content\/uploads\/2023\/08\/TESELA_PLAN_IGUALDAD_Ed1_2023_FIRMADO_rotated.pdf\" target=\"_blank\" rel=\"noreferrer noopener\"><img decoding=\"async\" width=\"150\" height=\"150\" src=\"https:\/\/teselainnova.com\/wp-content\/uploads\/2023\/08\/igualdad-de-genero-150x150.png\" alt=\"\" class=\"wp-image-1873\" title=\"\" srcset=\"https:\/\/teselainnova.com\/wp-content\/uploads\/2023\/08\/igualdad-de-genero-150x150.png 150w, https:\/\/teselainnova.com\/wp-content\/uploads\/2023\/08\/igualdad-de-genero-300x300.png 300w, https:\/\/teselainnova.com\/wp-content\/uploads\/2023\/08\/igualdad-de-genero-88x88.png 88w, https:\/\/teselainnova.com\/wp-content\/uploads\/2023\/08\/igualdad-de-genero.png 512w\" sizes=\"(max-width: 150px) 100vw, 150px\" \/><\/a><\/figure>\n<\/div>\n\n\n\n<div class=\"wp-block-column is-layout-flow wp-block-column-is-layout-flow\" style=\"flex-basis:66.66%\">\n<p>TESELA, Materiales Innovaci\u00f3n y Patrimonio S.L. dispose volontairement d&rsquo;une politique et d&rsquo;un plan d&rsquo;\u00e9galit\u00e9 accr\u00e9dit\u00e9s. De cette mani\u00e8re, nous respectons les r\u00e9glementations en vigueur en mati\u00e8re d&rsquo;\u00e9galit\u00e9 des chances et de non-discrimination. T\u00e9l\u00e9charger en cliquant sur le logo dans la marge de gauche.<\/p>\n<\/div>\n<\/div>\n\n<div class=\"wp-block-columns is-layout-flex wp-container-core-columns-is-layout-28f84493 wp-block-columns-is-layout-flex\">\n<div class=\"wp-block-column is-layout-flow wp-block-column-is-layout-flow\" style=\"flex-basis:33.33%\">\n<figure class=\"wp-block-image size-full is-resized\"><a href=\"https:\/\/teselainnova.com\/wp-content\/uploads\/2025\/11\/report_2025-a2628-CERTIFICADO-INSCRIPCION_2024_C.pdf\" target=\"_blank\" rel=\" noreferrer noopener\"><img decoding=\"async\" width=\"384\" height=\"544\" src=\"https:\/\/teselainnova.com\/wp-content\/uploads\/2025\/11\/2024_C.jpg\" alt=\"\" class=\"wp-image-6976\" style=\"width:149px;height:auto\" title=\"\" srcset=\"https:\/\/teselainnova.com\/wp-content\/uploads\/2025\/11\/2024_C.jpg 384w, https:\/\/teselainnova.com\/wp-content\/uploads\/2025\/11\/2024_C-212x300.jpg 212w\" sizes=\"(max-width: 384px) 100vw, 384px\" \/><\/a><\/figure>\n<\/div>\n\n\n\n<div class=\"wp-block-column is-layout-flow wp-block-column-is-layout-flow\" style=\"flex-basis:66.66%\">\n<p>TESELA, Materiales Innovaci\u00f3n y Patrimonio a le CERTIFICAT D&rsquo;ENREGISTREMENT dans le Registre des projets d&#8217;empreinte carbone, de compensation et d&rsquo;absorption de CO2 du Minist\u00e8re de la Transition \u00e9cologique et du D\u00e9fi d\u00e9mographique. T\u00e9l\u00e9charger en cliquant sur le logo dans la marge de gauche. <\/p>\n\n\n\n<p>Ann\u00e9e de calcul : 2024<br\/>Type de label : Calcul<br\/>Port\u00e9e : 1+2<br\/>Limites : Sont incluses les activit\u00e9s de prestation de services de R&amp;D&amp;I appliqu\u00e9s aux domaines<br\/>de la construction et du patrimoine d\u00e9velopp\u00e9s dans son unique si\u00e8ge \u00e0 Padul (Grenade).<\/p>\n<\/div>\n<\/div>\n\n<div class=\"wp-block-columns is-layout-flex wp-container-core-columns-is-layout-28f84493 wp-block-columns-is-layout-flex\">\n<div class=\"wp-block-column is-layout-flow wp-block-column-is-layout-flow\" style=\"flex-basis:33.33%\">\n<figure class=\"wp-block-gallery has-nested-images columns-default is-cropped wp-block-gallery-1 is-layout-flex wp-block-gallery-is-layout-flex\">\n<figure class=\"wp-block-image size-large\"><a href=\"https:\/\/teselainnova.com\/wp-content\/uploads\/2025\/06\/Procedimiento-general-de-evaluacion-de-proveedores_TESELA.pdf\" target=\"_blank\" rel=\" noreferrer noopener\"><img decoding=\"async\" width=\"1024\" height=\"546\" data-id=\"6739\" src=\"https:\/\/teselainnova.com\/wp-content\/uploads\/2025\/06\/Proveedores_TESELA-1024x546.jpg\" alt=\"\" class=\"wp-image-6739\" title=\"\" srcset=\"https:\/\/teselainnova.com\/wp-content\/uploads\/2025\/06\/Proveedores_TESELA-1024x546.jpg 1024w, https:\/\/teselainnova.com\/wp-content\/uploads\/2025\/06\/Proveedores_TESELA-300x160.jpg 300w, https:\/\/teselainnova.com\/wp-content\/uploads\/2025\/06\/Proveedores_TESELA-768x410.jpg 768w, https:\/\/teselainnova.com\/wp-content\/uploads\/2025\/06\/Proveedores_TESELA-20x11.jpg 20w, https:\/\/teselainnova.com\/wp-content\/uploads\/2025\/06\/Proveedores_TESELA.jpg 1500w\" sizes=\"(max-width: 1024px) 100vw, 1024px\" \/><\/a><\/figure>\n<\/figure>\n<\/div>\n\n\n\n<div class=\"wp-block-column is-layout-flow wp-block-column-is-layout-flow\" style=\"flex-basis:66.66%\">\n<p><\/p>\n\n\n\n<p><\/p>\n\n\n\n<p>Proc\u00e9dure g\u00e9n\u00e9rale d&rsquo;\u00e9valuation des fournisseurs. T\u00e9l\u00e9charger en cliquant sur le logo dans la marge de gauche. <\/p>\n<\/div>\n<\/div>\n\n<p><\/p>\n","protected":false},"excerpt":{"rendered":"<p>Le CQE certifie que TESELA, Materiales Innovaci\u00f3n y Patrimonio S.L. respecte la norme ISO 9001:2015. T\u00e9l\u00e9charger en cliquant sur le logo dans la marge de gauche. Le syst\u00e8me de gestion de la qualit\u00e9 s&rsquo;applique au champ d&rsquo;application suivant : EQA Certifica que TESELA, Materiales Innovaci\u00f3n y Patrimonio S.L. es conforme con la norma ISO 56001:2024. [&hellip;]<\/p>\n","protected":false},"author":2,"featured_media":1928,"parent":2098,"menu_order":2,"comment_status":"closed","ping_status":"closed","template":"","meta":{"_acf_changed":false,"footnotes":""},"class_list":["post-2106","page","type-page","status-publish","has-post-thumbnail","hentry"],"acf":[],"_links":{"self":[{"href":"https:\/\/teselainnova.com\/fr\/wp-json\/wp\/v2\/pages\/2106","targetHints":{"allow":["GET"]}}],"collection":[{"href":"https:\/\/teselainnova.com\/fr\/wp-json\/wp\/v2\/pages"}],"about":[{"href":"https:\/\/teselainnova.com\/fr\/wp-json\/wp\/v2\/types\/page"}],"author":[{"embeddable":true,"href":"https:\/\/teselainnova.com\/fr\/wp-json\/wp\/v2\/users\/2"}],"replies":[{"embeddable":true,"href":"https:\/\/teselainnova.com\/fr\/wp-json\/wp\/v2\/comments?post=2106"}],"version-history":[{"count":0,"href":"https:\/\/teselainnova.com\/fr\/wp-json\/wp\/v2\/pages\/2106\/revisions"}],"up":[{"embeddable":true,"href":"https:\/\/teselainnova.com\/fr\/wp-json\/wp\/v2\/pages\/2098"}],"wp:featuredmedia":[{"embeddable":true,"href":"https:\/\/teselainnova.com\/fr\/wp-json\/wp\/v2\/media\/1928"}],"wp:attachment":[{"href":"https:\/\/teselainnova.com\/fr\/wp-json\/wp\/v2\/media?parent=2106"}],"curies":[{"name":"wp","href":"https:\/\/api.w.org\/{rel}","templated":true}]}}