{"id":2102,"date":"2023-05-31T16:41:47","date_gmt":"2023-05-31T14:41:47","guid":{"rendered":"https:\/\/teselainnova.com\/areas\/"},"modified":"2024-09-03T11:30:45","modified_gmt":"2024-09-03T09:30:45","slug":"prestations-de-service","status":"publish","type":"page","link":"https:\/\/teselainnova.com\/fr\/prestations-de-service\/","title":{"rendered":"Prestations de service"},"content":{"rendered":"  <div id=\"accordion-block_62c81c52f09338d5abf9dde99620a610\" class=\"c-block-accordion alignwide\">\n    <div class=\"c-faqs\">\n                <div class=\"c-faqs__item is-active\">\n            <div class=\"c-faqs__item-question\">\n              \u00c9valuation de la durabilit\u00e9 des mat\u00e9riaux            <\/div>\n            <div class=\"c-faqs__item-answer\">\n              <p>Les impacts environnementaux, sociaux et \u00e9conomiques g\u00e9n\u00e9r\u00e9s par la fabrication de tout produit doivent \u00eatre \u00e9valu\u00e9s en tenant compte de l&rsquo;ensemble du cycle de vie : de l&rsquo;extraction des mati\u00e8res premi\u00e8res \u00e0 la fin de vie, en passant par le processus de fabrication et la p\u00e9riode d&rsquo;utilisation. Il comprend \u00e9galement les op\u00e9rations relatives au transport et \u00e0 la distribution du mat\u00e9riel. Les calculs sont effectu\u00e9s selon la m\u00e9thodologie de l&rsquo;analyse du cycle de vie, qui compile et \u00e9value les impacts produits \u00e0 toutes ces \u00e9tapes. Sur la base de cette analyse, nous proposons les services suivants pour mesurer et communiquer le profil environnemental du produit : <\/p>\n<ul>\n<li>\u00c9tudes d&rsquo;analyse du cycle de vie (ACV) : analyse des impacts environnementaux associ\u00e9s au cycle de vie des mat\u00e9riaux de construction.<\/li>\n<li>Calcul de l&#8217;empreinte environnementale des produits :<\/li>\n<li>Empreinte carbone. Quantification des gaz \u00e0 effet de serre (GES) \u00e9mis ou absorb\u00e9s et de leur contribution au r\u00e9chauffement climatique. Nous pouvons vous aider \u00e0 v\u00e9rifier l&#8217;empreinte calcul\u00e9e et \u00e0 concevoir des strat\u00e9gies de r\u00e9duction de l&#8217;empreinte. Nous offrons \u00e9galement des conseils sur la mani\u00e8re de trouver des projets de compensation afin d&rsquo;offrir des produits neutres en carbone.<\/li>\n<li>Empreinte de l&rsquo;eau \/ empreinte de l&rsquo;eau.<\/li>\n<li>Empreinte environnementale de l&rsquo;Union europ\u00e9enne.<\/li>\n<li>Gestion et obtention de la d\u00e9claration environnementale de produit (EPD). Nous vous aidons \u00e0 am\u00e9liorer le positionnement de votre produit sur le march\u00e9 en d\u00e9veloppant le CAP. Nous prenons en charge l&rsquo;ensemble du processus : \u00e9valuation de l&rsquo;impact, pr\u00e9paration des rapports de communication, recherche de v\u00e9rificateurs accr\u00e9dit\u00e9s et enregistrement de la DEP dans le syst\u00e8me de certification choisi.<\/li>\n<li>Simulation et mod\u00e9lisation de l&rsquo;ACV des mat\u00e9riaux ou des syst\u00e8mes de construction \u00e0 l&rsquo;aide du logiciel SimaPro.<\/li>\n<\/ul>\n            <\/div>\n          <\/div>\n                <div class=\"c-faqs__item\">\n            <div class=\"c-faqs__item-question\">\n              \u00c9tudes de faisabilit\u00e9 pour des mat\u00e9riaux innovants ou am\u00e9lior\u00e9s            <\/div>\n            <div class=\"c-faqs__item-answer\">\n              <p>Dans le processus de cr\u00e9ation et de conception de nouveaux produits de construction, il est important de disposer d&rsquo;informations pr\u00e9cises et fiables sur les caract\u00e9ristiques, les propri\u00e9t\u00e9s, les possibilit\u00e9s d&rsquo;application ou les d\u00e9veloppements r\u00e9alis\u00e9s par d&rsquo;autres entreprises ou chercheurs. Ce service est id\u00e9al si vous souhaitez faire une \u00e9valuation pr\u00e9liminaire de l&rsquo;incorporation de mat\u00e9riaux recycl\u00e9s, de d\u00e9chets ou de nouvelles mati\u00e8res premi\u00e8res dans la fabrication de votre produit. Dans le but de promouvoir la cr\u00e9ation de nouveaux mat\u00e9riaux et de r\u00e9duire l&rsquo;incertitude inh\u00e9rente \u00e0 ce type de projet, nous proposons les services suivants, bas\u00e9s sur des connaissances scientifiques : &#8211; Analyse g\u00e9n\u00e9rale des possibilit\u00e9s ou des tendances en mati\u00e8re de RD pour un type de mat\u00e9riau donn\u00e9. Un large aper\u00e7u des derniers d\u00e9veloppements scientifiques dans le secteur est donn\u00e9. Il vous permet de d\u00e9couvrir diff\u00e9rentes possibilit\u00e9s et de vous concentrer sur une solution d&rsquo;innovation sp\u00e9cifique. &#8211; L&rsquo;analyse de la litt\u00e9rature et l&rsquo;\u00e9tat de l&rsquo;art se concentrent sur les applications concr\u00e8tes du nouveau mat\u00e9riau. La litt\u00e9rature scientifique est analys\u00e9e en profondeur, ce qui permet d&rsquo;identifier les domaines \u00e0 am\u00e9liorer et les d\u00e9fis techniques \u00e0 relever dans le cadre de l&rsquo;\u00e9laboration du projet. &#8211; Caract\u00e9risation pr\u00e9liminaire de nouvelles mati\u00e8res premi\u00e8res ou de nouveaux d\u00e9chets ou \u00e9tude de dosage initiale. Les propri\u00e9t\u00e9s m\u00e9caniques, physiques ou chimiques sont d\u00e9termin\u00e9es en fonction de l&rsquo;application finale. &#8211; \u00c9tude de faisabilit\u00e9 technique et proposition d&rsquo;action. Ce rapport est bas\u00e9 sur les r\u00e9sultats des \u00e9tapes pr\u00e9c\u00e9dentes.<\/p>\n            <\/div>\n          <\/div>\n          <\/div>\n\n  <\/div>\n","protected":false},"excerpt":{"rendered":"","protected":false},"author":1,"featured_media":1919,"parent":0,"menu_order":5,"comment_status":"closed","ping_status":"closed","template":"","meta":{"_acf_changed":false,"footnotes":""},"class_list":["post-2102","page","type-page","status-publish","has-post-thumbnail","hentry"],"acf":[],"_links":{"self":[{"href":"https:\/\/teselainnova.com\/fr\/wp-json\/wp\/v2\/pages\/2102","targetHints":{"allow":["GET"]}}],"collection":[{"href":"https:\/\/teselainnova.com\/fr\/wp-json\/wp\/v2\/pages"}],"about":[{"href":"https:\/\/teselainnova.com\/fr\/wp-json\/wp\/v2\/types\/page"}],"author":[{"embeddable":true,"href":"https:\/\/teselainnova.com\/fr\/wp-json\/wp\/v2\/users\/1"}],"replies":[{"embeddable":true,"href":"https:\/\/teselainnova.com\/fr\/wp-json\/wp\/v2\/comments?post=2102"}],"version-history":[{"count":0,"href":"https:\/\/teselainnova.com\/fr\/wp-json\/wp\/v2\/pages\/2102\/revisions"}],"wp:featuredmedia":[{"embeddable":true,"href":"https:\/\/teselainnova.com\/fr\/wp-json\/wp\/v2\/media\/1919"}],"wp:attachment":[{"href":"https:\/\/teselainnova.com\/fr\/wp-json\/wp\/v2\/media?parent=2102"}],"curies":[{"name":"wp","href":"https:\/\/api.w.org\/{rel}","templated":true}]}}