{"id":2068,"date":"2023-05-31T17:18:54","date_gmt":"2023-05-31T15:18:54","guid":{"rendered":"https:\/\/teselainnova.com\/alliances-strategiques\/"},"modified":"2025-06-01T16:06:01","modified_gmt":"2025-06-01T14:06:01","slug":"alliances-strategiques","status":"publish","type":"page","link":"https:\/\/teselainnova.com\/fr\/tesela\/alliances-strategiques\/","title":{"rendered":"Alliances strat\u00e9giques"},"content":{"rendered":"\n<p><\/p>\n\n<div class=\"wp-block-columns is-layout-flex wp-container-core-columns-is-layout-28f84493 wp-block-columns-is-layout-flex\">\n<div class=\"wp-block-column is-layout-flow wp-block-column-is-layout-flow\" style=\"flex-basis:33.33%\">\n<figure class=\"wp-block-image size-large is-resized is-style-default\"><a href=\"https:\/\/clustercsa.com\/\" target=\"_blank\" rel=\"noreferrer noopener\"><img decoding=\"async\" width=\"248\" height=\"211\" src=\"https:\/\/teselainnova.com\/wp-content\/uploads\/2023\/06\/cluster_CSA.png\" alt=\"\" class=\"wp-image-724\" style=\"width:186px;height:158px\" title=\"\"><\/a><\/figure>\n<\/div>\n\n\n\n<div class=\"wp-block-column is-layout-flow wp-block-column-is-layout-flow\" style=\"flex-basis:66.66%\">\n<p>TESELA, Materiales Innovaci\u00f3n y Patrimonio S.L. est membre du Cl\u00faster de la Construcci\u00f3n Sostenible de Andaluc\u00eda, o\u00f9 se trouve actuellement son si\u00e8ge social.<\/p>\n<\/div>\n\n\n\n<div class=\"wp-block-column is-layout-flow wp-block-column-is-layout-flow\"><\/div>\n<\/div>\n\n<div class=\"wp-block-columns is-layout-flex wp-container-core-columns-is-layout-28f84493 wp-block-columns-is-layout-flex\">\n<div class=\"wp-block-column is-layout-flow wp-block-column-is-layout-flow\" style=\"flex-basis:33.33%\">\n<figure class=\"wp-block-image size-large is-resized\"><a href=\"https:\/\/www.ugr.es\/\" target=\"_blank\" rel=\"noreferrer noopener\"><img decoding=\"async\" width=\"1024\" height=\"576\" src=\"https:\/\/teselainnova.com\/wp-content\/uploads\/2023\/06\/UGR-Logo-1024x576.png\" alt=\"\" class=\"wp-image-729\" style=\"width:256px;height:144px\" title=\"\" srcset=\"https:\/\/teselainnova.com\/wp-content\/uploads\/2023\/06\/UGR-Logo-1024x576.png 1024w, https:\/\/teselainnova.com\/wp-content\/uploads\/2023\/06\/UGR-Logo-300x169.png 300w, https:\/\/teselainnova.com\/wp-content\/uploads\/2023\/06\/UGR-Logo-768x432.png 768w, https:\/\/teselainnova.com\/wp-content\/uploads\/2023\/06\/UGR-Logo.png 1280w\" sizes=\"(max-width: 1024px) 100vw, 1024px\" \/><\/a><\/figure>\n<\/div>\n\n\n\n<div class=\"wp-block-column is-layout-flow wp-block-column-is-layout-flow\" style=\"flex-basis:66.66%\">\n<p>TESELA, Materiales Innovaci\u00f3n y Patrimonio S.L. a actuellement un accord en vigueur avec l&rsquo;universit\u00e9 de Grenade par l&rsquo;interm\u00e9diaire du d\u00e9partement de min\u00e9ralogie et de p\u00e9trologie.<\/p>\n<\/div>\n<\/div>\n\n<div class=\"wp-block-columns is-layout-flex wp-container-core-columns-is-layout-28f84493 wp-block-columns-is-layout-flex\">\n<div class=\"wp-block-column is-layout-flow wp-block-column-is-layout-flow\" style=\"flex-basis:33.33%\">\n<figure class=\"wp-block-image size-full is-resized\"><a href=\"https:\/\/plataformaptec.es\/\" target=\"_blank\" rel=\"noreferrer noopener\"><img decoding=\"async\" width=\"330\" height=\"144\" src=\"https:\/\/teselainnova.com\/wp-content\/uploads\/2023\/06\/ptec-logo-leyenda.png\" alt=\"\" class=\"wp-image-727\" style=\"width:248px;height:108px\" title=\"\" srcset=\"https:\/\/teselainnova.com\/wp-content\/uploads\/2023\/06\/ptec-logo-leyenda.png 330w, https:\/\/teselainnova.com\/wp-content\/uploads\/2023\/06\/ptec-logo-leyenda-300x131.png 300w\" sizes=\"(max-width: 330px) 100vw, 330px\" \/><\/a><\/figure>\n<\/div>\n\n\n\n<div class=\"wp-block-column is-layout-flow wp-block-column-is-layout-flow\" style=\"flex-basis:66.66%\">\n<p>TESELA, Materiales Innovaci\u00f3n y Patrimonio S.L. est membre de la plate-forme espagnole des technologies de la construction.<\/p>\n<\/div>\n<\/div>\n\n<div class=\"wp-block-columns is-layout-flex wp-container-core-columns-is-layout-28f84493 wp-block-columns-is-layout-flex\">\n<div class=\"wp-block-column is-layout-flow wp-block-column-is-layout-flow\" style=\"flex-basis:33.33%\">\n<figure class=\"wp-block-image size-full is-resized\"><a href=\"https:\/\/pti-pais.csic.es\/\" target=\"_blank\" rel=\"noreferrer noopener\"><img decoding=\"async\" width=\"697\" height=\"221\" src=\"https:\/\/teselainnova.com\/wp-content\/uploads\/2023\/06\/Logo-completo-CSIC-PTI-PAIS.png\" alt=\"\" class=\"wp-image-732\" style=\"width:349px;height:111px\" title=\"\" srcset=\"https:\/\/teselainnova.com\/wp-content\/uploads\/2023\/06\/Logo-completo-CSIC-PTI-PAIS.png 697w, https:\/\/teselainnova.com\/wp-content\/uploads\/2023\/06\/Logo-completo-CSIC-PTI-PAIS-300x95.png 300w\" sizes=\"(max-width: 697px) 100vw, 697px\" \/><\/a><\/figure>\n<\/div>\n\n\n\n<div class=\"wp-block-column is-layout-flow wp-block-column-is-layout-flow\" style=\"flex-basis:66.66%\">\n<p>TESELA, Materiales Innovaci\u00f3n y Patrimonio S.L. est un partenaire de la Plate-forme ouverte du patrimoine : recherche et soci\u00e9t\u00e9 (PTI-PAIS CSIC).<\/p>\n<\/div>\n<\/div>\n\n<div class=\"wp-block-columns is-layout-flex wp-container-core-columns-is-layout-28f84493 wp-block-columns-is-layout-flex\">\n<div class=\"wp-block-column is-layout-flow wp-block-column-is-layout-flow\" style=\"flex-basis:33.33%\">\n<figure class=\"wp-block-image size-large is-resized\"><a href=\"https:\/\/www.ismc-iberiamine.com\/\" target=\"_blank\" rel=\"noreferrer noopener\"><img decoding=\"async\" width=\"1024\" height=\"553\" src=\"https:\/\/teselainnova.com\/wp-content\/uploads\/2023\/06\/zyro-image-1-1024x553.png\" alt=\"\" class=\"wp-image-1320\" style=\"width:256px;height:138px\" title=\"\" srcset=\"https:\/\/teselainnova.com\/wp-content\/uploads\/2023\/06\/zyro-image-1-1024x553.png 1024w, https:\/\/teselainnova.com\/wp-content\/uploads\/2023\/06\/zyro-image-1-300x162.png 300w, https:\/\/teselainnova.com\/wp-content\/uploads\/2023\/06\/zyro-image-1-768x415.png 768w, https:\/\/teselainnova.com\/wp-content\/uploads\/2023\/06\/zyro-image-1.png 1200w\" sizes=\"(max-width: 1024px) 100vw, 1024px\" \/><\/a><\/figure>\n<\/div>\n\n\n\n<div class=\"wp-block-column is-layout-flow wp-block-column-is-layout-flow\" style=\"flex-basis:66.66%\">\n<p>TESELA, Materiales Innovaci\u00f3n y Patrimonio S.L. est membre du groupe de travail sur l&rsquo;exploitation mini\u00e8re durable.<\/p>\n<\/div>\n<\/div>\n\n<div class=\"wp-block-columns is-layout-flex wp-container-core-columns-is-layout-28f84493 wp-block-columns-is-layout-flex\">\n<div class=\"wp-block-column is-layout-flow wp-block-column-is-layout-flow\" style=\"flex-basis:33.33%\">\n<figure class=\"wp-block-image size-full is-resized\"><a href=\"https:\/\/digitalheritagelab.com\/\" target=\"_blank\" rel=\"noreferrer noopener\"><img decoding=\"async\" width=\"422\" height=\"211\" src=\"https:\/\/teselainnova.com\/wp-content\/uploads\/2023\/06\/UNESCO-uniTwin-Logo-1.png\" alt=\"\" class=\"wp-image-739\" style=\"width:211px;height:106px\" title=\"\" srcset=\"https:\/\/teselainnova.com\/wp-content\/uploads\/2023\/06\/UNESCO-uniTwin-Logo-1.png 422w, https:\/\/teselainnova.com\/wp-content\/uploads\/2023\/06\/UNESCO-uniTwin-Logo-1-300x150.png 300w\" sizes=\"(max-width: 422px) 100vw, 422px\" \/><\/a><\/figure>\n<\/div>\n\n\n\n<div class=\"wp-block-column is-layout-flow wp-block-column-is-layout-flow\" style=\"flex-basis:66.66%\">\n<p id=\"tw-target-text\">La Chaire UNESCO en patrimoine culturel num\u00e9rique et la Chaire ERA EU en patrimoine culturel num\u00e9rique de l&rsquo;Universit\u00e9 de technologie de Chypre et Tesela, Materials Innovation and Heritage S.L. conviennent formellement du d\u00e9veloppement d&rsquo;une coop\u00e9ration culturelle et scientifique directe dans le domaine de la documentation du patrimoine culturel qui pr\u00e9sentera des avantages mutuels pour les deux organisations dans les articles de coop\u00e9ration suivants.<\/p>\n<\/div>\n<\/div>\n\n<div class=\"wp-block-columns is-layout-flex wp-container-core-columns-is-layout-28f84493 wp-block-columns-is-layout-flex\">\n<div class=\"wp-block-column is-layout-flow wp-block-column-is-layout-flow\" style=\"flex-basis:33.33%\">\n<figure class=\"wp-block-image size-thumbnail\"><a href=\"https:\/\/www.ajeandalucia.org\/granada\/\" target=\"_blank\" rel=\"noopener\"><img decoding=\"async\" width=\"150\" height=\"150\" src=\"https:\/\/teselainnova.com\/wp-content\/uploads\/2023\/08\/AJE_logo-150x150.png\" alt=\"\" class=\"wp-image-2006\" title=\"\" srcset=\"https:\/\/teselainnova.com\/wp-content\/uploads\/2023\/08\/AJE_logo-150x150.png 150w, https:\/\/teselainnova.com\/wp-content\/uploads\/2023\/08\/AJE_logo-768x768.png 768w, https:\/\/teselainnova.com\/wp-content\/uploads\/2023\/08\/AJE_logo-88x88.png 88w\" sizes=\"(max-width: 150px) 100vw, 150px\" \/><\/a><\/figure>\n<\/div>\n\n\n\n<div class=\"wp-block-column is-layout-flow wp-block-column-is-layout-flow\" style=\"flex-basis:66.66%\">\n<p>TESELA, Materiales Innovaci\u00f3n y Patrimonio S.L. mantiene actualmente un convenio con la Universidad de Granada a trav\u00e9s del Departamento de Mineralog\u00eda y Petrolog\u00eda.<\/p>\n<\/div>\n<\/div>\n\n<div class=\"wp-block-columns is-layout-flex wp-container-core-columns-is-layout-28f84493 wp-block-columns-is-layout-flex\">\n<div class=\"wp-block-column is-layout-flow wp-block-column-is-layout-flow\" style=\"flex-basis:33.33%\">\n<figure class=\"wp-block-image size-full is-resized\"><a href=\"https:\/\/www.ge-iic.com\/socios\/empresas-comerciales\/\" target=\"_blank\" rel=\"noopener\"><img decoding=\"async\" width=\"514\" height=\"160\" src=\"https:\/\/teselainnova.com\/wp-content\/uploads\/2024\/01\/GEIIC.jpeg\" alt=\"\" class=\"wp-image-3935\" style=\"width:343px;height:auto\" title=\"\" srcset=\"https:\/\/teselainnova.com\/wp-content\/uploads\/2024\/01\/GEIIC.jpeg 514w, https:\/\/teselainnova.com\/wp-content\/uploads\/2024\/01\/GEIIC-300x93.jpeg 300w, https:\/\/teselainnova.com\/wp-content\/uploads\/2024\/01\/GEIIC-20x6.jpeg 20w\" sizes=\"(max-width: 514px) 100vw, 514px\" \/><\/a><\/figure>\n<\/div>\n\n\n\n<div class=\"wp-block-column is-layout-flow wp-block-column-is-layout-flow\" style=\"flex-basis:66.66%\">\n<p>TESELA Materiales Innovaci\u00f3n y Patrimonio est une entreprise associ\u00e9e au <a href=\"https:\/\/www.linkedin.com\/in\/ACoAACKAiAoB2hKNZPGeN3gTD_Xj7mUeCID79Qc\" target=\"_blank\" rel=\"noopener\"><\/a>Groupe espagnol de l&rsquo;Institut international de conservation, \u00e9galement connu sous le nom de Groupe espagnol de conservation de l&rsquo;IIC (GE-IIC), une association compos\u00e9e de plus de 300 professionnels travaillant dans le domaine de la conservation-restauration li\u00e9e \u00e0 la science, \u00e0 l&rsquo;art et \u00e0 l&rsquo;histoire par le biais de la recherche, du travail professionnel et de l&rsquo;\u00e9ducation depuis 1996.<\/p>\n<\/div>\n<\/div>\n\n<div class=\"wp-block-columns is-layout-flex wp-container-core-columns-is-layout-28f84493 wp-block-columns-is-layout-flex\">\n<div class=\"wp-block-column is-layout-flow wp-block-column-is-layout-flow\" style=\"flex-basis:33.33%\">\n<figure class=\"wp-block-image size-full is-resized\"><a href=\"https:\/\/www.asociaciones.hispanianostra.org\/asociacion\/tesela-materiales-innovacion-y-patrimonio-s-l\/\" target=\"_blank\" rel=\"noopener\"><img decoding=\"async\" width=\"1000\" height=\"1000\" src=\"https:\/\/teselainnova.com\/wp-content\/uploads\/2024\/04\/logo_HN.png\" alt=\"\" class=\"wp-image-5230\" style=\"width:128px;height:auto\" title=\"\" srcset=\"https:\/\/teselainnova.com\/wp-content\/uploads\/2024\/04\/logo_HN.png 1000w, https:\/\/teselainnova.com\/wp-content\/uploads\/2024\/04\/logo_HN-300x300.png 300w, https:\/\/teselainnova.com\/wp-content\/uploads\/2024\/04\/logo_HN-150x150.png 150w, https:\/\/teselainnova.com\/wp-content\/uploads\/2024\/04\/logo_HN-768x768.png 768w, https:\/\/teselainnova.com\/wp-content\/uploads\/2024\/04\/logo_HN-88x88.png 88w, https:\/\/teselainnova.com\/wp-content\/uploads\/2024\/04\/logo_HN-64x64.png 64w\" sizes=\"(max-width: 1000px) 100vw, 1000px\" \/><\/a><\/figure>\n<\/div>\n\n\n\n<div class=\"wp-block-column is-layout-flow wp-block-column-is-layout-flow\" style=\"flex-basis:66.66%\">\n<p>TESELA Materiales Innovaci\u00f3n y Patrimonio est une entreprise associ\u00e9e \u00e0 Hispania Nostra (membre 3130), une association sans but lucratif, d\u00e9clar\u00e9e d&rsquo;utilit\u00e9 publique, qui travaille depuis 1976 \u00e0 la d\u00e9fense, \u00e0 la promotion et \u00e0 la valorisation du patrimoine culturel et naturel, qu&rsquo;elle consid\u00e8re comme un vecteur de d\u00e9veloppement social et \u00e9conomique.<\/p>\n<\/div>\n<\/div>\n\n<div class=\"wp-block-columns is-layout-flex wp-container-core-columns-is-layout-28f84493 wp-block-columns-is-layout-flex\">\n<div class=\"wp-block-column is-layout-flow wp-block-column-is-layout-flow\" style=\"flex-basis:33.33%\">\n<figure class=\"wp-block-image size-large is-resized\"><a href=\"https:\/\/www.ainia.com\/\" target=\"_blank\" rel=\"noopener\"><img decoding=\"async\" width=\"1024\" height=\"431\" src=\"https:\/\/teselainnova.com\/wp-content\/uploads\/2025\/05\/logo-ainia-1024x431.jpg\" alt=\"\" class=\"wp-image-6579\" style=\"width:373px;height:auto\" title=\"\" srcset=\"https:\/\/teselainnova.com\/wp-content\/uploads\/2025\/05\/logo-ainia-1024x431.jpg 1024w, https:\/\/teselainnova.com\/wp-content\/uploads\/2025\/05\/logo-ainia-300x126.jpg 300w, https:\/\/teselainnova.com\/wp-content\/uploads\/2025\/05\/logo-ainia-768x323.jpg 768w, https:\/\/teselainnova.com\/wp-content\/uploads\/2025\/05\/logo-ainia-1536x647.jpg 1536w, https:\/\/teselainnova.com\/wp-content\/uploads\/2025\/05\/logo-ainia-2048x862.jpg 2048w, https:\/\/teselainnova.com\/wp-content\/uploads\/2025\/05\/logo-ainia-20x8.jpg 20w\" sizes=\"(max-width: 1024px) 100vw, 1024px\" \/><\/a><\/figure>\n<\/div>\n\n\n\n<div class=\"wp-block-column is-layout-flow wp-block-column-is-layout-flow\" style=\"flex-basis:66.66%\">\n<p>TESELA Materiales Innovaci\u00f3n y Patrimonio est une entreprise associ\u00e9e au centre technologique AINIA. Un centre technologique priv\u00e9 qui compte plus de 35 ans d&rsquo;exp\u00e9rience dans le domaine de la RDI. <\/p>\n<\/div>\n<\/div>\n\n<p><\/p>\n","protected":false},"excerpt":{"rendered":"<p>TESELA, Materiales Innovaci\u00f3n y Patrimonio S.L. est membre du Cl\u00faster de la Construcci\u00f3n Sostenible de Andaluc\u00eda, o\u00f9 se trouve actuellement son si\u00e8ge social. TESELA, Materiales Innovaci\u00f3n y Patrimonio S.L. a actuellement un accord en vigueur avec l&rsquo;universit\u00e9 de Grenade par l&rsquo;interm\u00e9diaire du d\u00e9partement de min\u00e9ralogie et de p\u00e9trologie. TESELA, Materiales Innovaci\u00f3n y Patrimonio S.L. est [&hellip;]<\/p>\n","protected":false},"author":1,"featured_media":1744,"parent":2098,"menu_order":5,"comment_status":"closed","ping_status":"closed","template":"","meta":{"_acf_changed":false,"footnotes":""},"class_list":["post-2068","page","type-page","status-publish","has-post-thumbnail","hentry"],"acf":[],"_links":{"self":[{"href":"https:\/\/teselainnova.com\/fr\/wp-json\/wp\/v2\/pages\/2068","targetHints":{"allow":["GET"]}}],"collection":[{"href":"https:\/\/teselainnova.com\/fr\/wp-json\/wp\/v2\/pages"}],"about":[{"href":"https:\/\/teselainnova.com\/fr\/wp-json\/wp\/v2\/types\/page"}],"author":[{"embeddable":true,"href":"https:\/\/teselainnova.com\/fr\/wp-json\/wp\/v2\/users\/1"}],"replies":[{"embeddable":true,"href":"https:\/\/teselainnova.com\/fr\/wp-json\/wp\/v2\/comments?post=2068"}],"version-history":[{"count":0,"href":"https:\/\/teselainnova.com\/fr\/wp-json\/wp\/v2\/pages\/2068\/revisions"}],"up":[{"embeddable":true,"href":"https:\/\/teselainnova.com\/fr\/wp-json\/wp\/v2\/pages\/2098"}],"wp:featuredmedia":[{"embeddable":true,"href":"https:\/\/teselainnova.com\/fr\/wp-json\/wp\/v2\/media\/1744"}],"wp:attachment":[{"href":"https:\/\/teselainnova.com\/fr\/wp-json\/wp\/v2\/media?parent=2068"}],"curies":[{"name":"wp","href":"https:\/\/api.w.org\/{rel}","templated":true}]}}