{"id":2052,"date":"2023-05-31T17:18:52","date_gmt":"2023-05-31T15:18:52","guid":{"rendered":"https:\/\/teselainnova.com\/emplacements\/"},"modified":"2025-03-16T11:55:39","modified_gmt":"2025-03-16T10:55:39","slug":"contact","status":"publish","type":"page","link":"https:\/\/teselainnova.com\/fr\/contact\/","title":{"rendered":"Contact"},"content":{"rendered":"\n<div class=\"wp-block-columns filacontacto is-layout-flex wp-container-core-columns-is-layout-28f84493 wp-block-columns-is-layout-flex\">\n<div class=\"wp-block-column is-layout-flow wp-block-column-is-layout-flow\" style=\"flex-basis:66.66%\">\n<p>Nous sommes l\u00e0 pour vous \u00e9couter. Remplissez le formulaire et nous vous contacterons bient\u00f4t.<\/p>\n\n\n<p class=\"wpcf7-contact-form-not-found\"><strong>Erreur\u00a0:<\/strong> Formulaire de contact non trouv\u00e9\u00a0!<\/p>\n<\/div>\n\n\n\n<div class=\"wp-block-column is-layout-flow wp-block-column-is-layout-flow\" style=\"flex-basis:33.33%\">\n<p class=\"c-footer__contact-link c-footer__contact-link--phone\"><strong>T\u00e9l\u00e9phone:<\/strong> <a class=\"c-header__info-link c-footer__contact-link c-footer__contact-link--phone\" href=\"tel:(+34)858882%20337\" rel=\"nofollow\"><span>(+0034) 858 882 337<\/span><\/a><\/p>\n\n\n\n<p class=\"enlace-swhatsapp\"><a href=\"https:\/\/wa.me\/34858882337\" data-type=\"link\" data-id=\"https:\/\/wa.me\/34858882337\" target=\"_blank\" rel=\"noopener\">Envoyer WhatsApp<\/a><\/p>\n\n\n\n<div class=\"wp-block-group is-vertical is-layout-flex wp-container-core-group-is-layout-fe9cc265 wp-block-group-is-layout-flex\">\n<p class=\"shorario\">Horaires : <\/p>\n\n\n\n<p class=\"shorario\">Du lundi au jeudi de 8h00 \u00e0 17h00<\/p>\n\n\n\n<p class=\"shorario\">Vendredi de 8h00 \u00e0 14h00<\/p>\n<\/div>\n<\/div>\n<\/div>\n\n<p>Conform\u00e9ment au R\u00e8glement (UE) 2016\/679 du 27 avril 2016 relatif \u00e0 la protection des personnes physiques \u00e0 l&rsquo;\u00e9gard du traitement des donn\u00e9es \u00e0 caract\u00e8re personnel et \u00e0 la libre circulation de ces donn\u00e9es et aux r\u00e9glementations nationales pertinentes, TESELA, Materiales Innovaci\u00f3n y Patrimonio S.L., le responsable du traitement des donn\u00e9es, fournit les informations de base suivantes sur la protection des donn\u00e9es :<\/p>\n\n<ul class=\"wp-block-list\">\n<li>Responsable :<\/li>\n<\/ul>\n\n<p>TESELA, Materiales Innovaci\u00f3n y Patrimonio S.L.<\/p>\n\n<p>C. Angustias, 99, Modulo C2 &#8211; 18640, Padul, Granada &#8211; info@teselainnova.com<\/p>\n\n<p>Coordonn\u00e9es du d\u00e9l\u00e9gu\u00e9 \u00e0 la protection des donn\u00e9es : info@teselainnova.com<\/p>\n\n<ul class=\"wp-block-list\">\n<li>Finalit\u00e9 du traitement de vos donn\u00e9es personnelles : g\u00e9rer l&rsquo;envoi d&rsquo;informations en fonction de vos int\u00e9r\u00eats.<\/li>\n\n\n\n<li>L\u00e9gitimation : Le traitement des donn\u00e9es est l\u00e9gitim\u00e9 par le consentement donn\u00e9 par la personne concern\u00e9e dans le cadre de cette activit\u00e9.<\/li>\n\n\n\n<li>Destinataires : Les donn\u00e9es ne seront pas transmises \u00e0 des tiers, sauf en cas d&rsquo;obligation l\u00e9gale.<\/li>\n\n\n\n<li>Vos droits : Vous pouvez acc\u00e9der, rectifier et supprimer vos donn\u00e9es, ainsi qu&rsquo;exercer le droit \u00e0 la limitation du traitement et \u00e0 la portabilit\u00e9 des donn\u00e9es en contactant l&rsquo;adresse du responsable du traitement ou en envoyant un e-mail \u00e0 : info@teselainnova.com.<\/li>\n\n\n\n<li>Conservation : La p\u00e9riode de conservation des donn\u00e9es sera la p\u00e9riode n\u00e9cessaire \u00e0 l&rsquo;ex\u00e9cution du service.<\/li>\n<\/ul>\n\n<p>TESELA, Materiales Innovaci\u00f3n y Patrimonio S.L. vous informe qu&rsquo;elle respecte toutes les exigences \u00e9tablies par la r\u00e9glementation en mati\u00e8re de protection des donn\u00e9es, ainsi que toutes les mesures techniques et organisationnelles n\u00e9cessaires pour garantir la s\u00e9curit\u00e9 des donn\u00e9es \u00e0 caract\u00e8re personnel.<br\/>De m\u00eame, en cas de non-respect par le responsable du traitement de vos donn\u00e9es personnelles, vous avez le droit d&rsquo;introduire une r\u00e9clamation aupr\u00e8s de l&rsquo;Agence espagnole de protection des donn\u00e9es.<\/p>\n","protected":false},"excerpt":{"rendered":"<p>Nous sommes l\u00e0 pour vous \u00e9couter. Remplissez le formulaire et nous vous contacterons bient\u00f4t. T\u00e9l\u00e9phone: (+0034) 858 882 337 Envoyer WhatsApp Horaires : Du lundi au jeudi de 8h00 \u00e0 17h00 Vendredi de 8h00 \u00e0 14h00 Conform\u00e9ment au R\u00e8glement (UE) 2016\/679 du 27 avril 2016 relatif \u00e0 la protection des personnes physiques \u00e0 l&rsquo;\u00e9gard du [&hellip;]<\/p>\n","protected":false},"author":1,"featured_media":0,"parent":0,"menu_order":4,"comment_status":"closed","ping_status":"closed","template":"page-sedes.php","meta":{"_acf_changed":false,"footnotes":""},"class_list":["post-2052","page","type-page","status-publish","hentry"],"acf":[],"_links":{"self":[{"href":"https:\/\/teselainnova.com\/fr\/wp-json\/wp\/v2\/pages\/2052","targetHints":{"allow":["GET"]}}],"collection":[{"href":"https:\/\/teselainnova.com\/fr\/wp-json\/wp\/v2\/pages"}],"about":[{"href":"https:\/\/teselainnova.com\/fr\/wp-json\/wp\/v2\/types\/page"}],"author":[{"embeddable":true,"href":"https:\/\/teselainnova.com\/fr\/wp-json\/wp\/v2\/users\/1"}],"replies":[{"embeddable":true,"href":"https:\/\/teselainnova.com\/fr\/wp-json\/wp\/v2\/comments?post=2052"}],"version-history":[{"count":0,"href":"https:\/\/teselainnova.com\/fr\/wp-json\/wp\/v2\/pages\/2052\/revisions"}],"wp:attachment":[{"href":"https:\/\/teselainnova.com\/fr\/wp-json\/wp\/v2\/media?parent=2052"}],"curies":[{"name":"wp","href":"https:\/\/api.w.org\/{rel}","templated":true}]}}