{"id":2050,"date":"2023-05-31T16:41:18","date_gmt":"2023-05-31T14:41:18","guid":{"rendered":"https:\/\/teselainnova.com\/politique-de-confidentialite\/"},"modified":"2023-08-29T12:23:34","modified_gmt":"2023-08-29T10:23:34","slug":"politique-de-confidentialite","status":"publish","type":"page","link":"https:\/\/teselainnova.com\/fr\/politique-de-confidentialite\/","title":{"rendered":"Politique de confidentialit\u00e9"},"content":{"rendered":"\n<p><\/p>\n\n<h4 class=\"wp-block-heading\"><strong>Responsable<\/strong><\/h4>\n\n<p>TESELA, Materiales, Innovaci\u00f3n y Patrimonio. S.L. \u2013 CIF: B19583491, Dir. Postal: C\/ Calle Angustias, 99 Modulo C2, C. Angustias, 18640 Padul, Granada, T\u00e9l\u00e9phone: 644376410, E-Mail: <a href=\"mailto:info@teselainnova.com\" target=\"_blank\" rel=\"noreferrer noopener\">info@teselainnova.com<\/a><\/p>\n\n<p>Coordonn\u00e9es du d\u00e9l\u00e9gu\u00e9 \u00e0 la protection des donn\u00e9es :<\/p>\n\n<p>Aucun d\u00e9l\u00e9gu\u00e9 n&rsquo;est disponible.<\/p>\n\n<h4 class=\"wp-block-heading\"><strong>Objectifs<\/strong><\/h4>\n\n<p>Description d\u00e9taill\u00e9e de la ou des finalit\u00e9s du traitement :<\/p>\n\n<p>Nous traiterons vos donn\u00e9es pour g\u00e9rer la relation commerciale que vous avez avec nous et pour vous tenir inform\u00e9 des activit\u00e9s et des services de l&rsquo;organisation.<\/p>\n\n<h4 class=\"wp-block-heading\"><strong>Conservation<\/strong><\/h4>\n\n<p>P\u00e9riodes ou crit\u00e8res de conservation des donn\u00e9es :<\/p>\n\n<p>Les donn\u00e9es personnelles fournies seront conserv\u00e9es tant que la relation avec l&rsquo;entit\u00e9 est maintenue et que leur suppression n&rsquo;est pas demand\u00e9e par l&rsquo;int\u00e9ress\u00e9, elles seront conserv\u00e9es conform\u00e9ment aux d\u00e9lais l\u00e9gaux \u00e9tablis en mati\u00e8re fiscale et comptable, en prenant comme r\u00e9f\u00e9rence la derni\u00e8re communication.<\/p>\n\n<h4 class=\"wp-block-heading\"><strong>D\u00e9cisions<\/strong><\/h4>\n\n<p>D\u00e9cisions automatis\u00e9es, profilage et logique appliqu\u00e9e :<\/p>\n\n<p>L&rsquo;entreprise ne prendra PAS de d\u00e9cisions automatis\u00e9es, ne fera pas de profilage et n&rsquo;appliquera pas de logique \u00e0 vos donn\u00e9es.<\/p>\n\n<h4 class=\"wp-block-heading\"><strong>L\u00e9gitimation<\/strong><\/h4>\n\n<p>L\u00e9gitimation par l&rsquo;ex\u00e9cution d&rsquo;un contrat :<\/p>\n\n<p>Le traitement \u00e9tant n\u00e9cessaire \u00e0 l&rsquo;ex\u00e9cution d&rsquo;un contrat commercial auquel vous \u00eates partie, il est \u00e0 noter que le type de contrat en question est le contrat commercial ou la relation pr\u00e9contractuelle susmentionn\u00e9s.<\/p>\n\n<p>La communication des donn\u00e9es personnelles \u00e9tant une exigence l\u00e9gale ou contractuelle et une condition pr\u00e9alable n\u00e9cessaire \u00e0 la conclusion du contrat susmentionn\u00e9, la partie int\u00e9ress\u00e9e est inform\u00e9e qu&rsquo;elle est oblig\u00e9e de fournir les donn\u00e9es personnelles et que les cons\u00e9quences d&rsquo;un manquement \u00e0 cette obligation peuvent entra\u00eener la non-fourniture du service demand\u00e9.<\/p>\n\n<h4 class=\"wp-block-heading\"><strong>Destinataires<\/strong><\/h4>\n\n<p>Pendant la dur\u00e9e du traitement, TESELA, Mat\u00e9riaux, Innovation et Patrimoine. S.L. n&rsquo;effectuera aucun transfert, sauf si elle y est l\u00e9galement oblig\u00e9e, ni aucun transfert de quelque nature que ce soit.<\/p>\n\n<h4 class=\"wp-block-heading\"><strong>Droits<\/strong><\/h4>\n\n<p>La personne concern\u00e9e peut exercer les droits suivants :<\/p>\n\n<ul class=\"wp-block-list\">\n<li> Droit de demander l&rsquo;acc\u00e8s \u00e0 vos donn\u00e9es personnelles.<\/li>\n\n\n\n<li> Le droit de demander sa rectification ou son effacement.<\/li>\n\n\n\n<li> Le droit de demander la limitation du traitement.<\/li>\n\n\n\n<li> Droit d&rsquo;opposition au traitement.<\/li>\n\n\n\n<li> Droit \u00e0 la portabilit\u00e9 des donn\u00e9es.<\/li>\n\n\n\n<li> Droit de retirer son consentement.<\/li>\n<\/ul>\n\n<p>Toute personne a le droit d&rsquo;obtenir la confirmation que l&rsquo;entit\u00e9 traite ou non des donn\u00e9es \u00e0 caract\u00e8re personnel la concernant. Les personnes int\u00e9ress\u00e9es ont le droit d&rsquo;acc\u00e9der \u00e0 leurs donn\u00e9es personnelles, ainsi que de demander la rectification des donn\u00e9es inexactes ou, le cas \u00e9ch\u00e9ant, de demander leur suppression lorsque, entre autres raisons, les donn\u00e9es ne sont plus n\u00e9cessaires aux fins pour lesquelles elles ont \u00e9t\u00e9 collect\u00e9es.<\/p>\n\n<p>Dans certaines circonstances, les personnes concern\u00e9es peuvent nous demander de limiter le traitement de leurs donn\u00e9es, auquel cas nous ne conserverons les donn\u00e9es que dans le but d&rsquo;exercer ou de d\u00e9fendre des r\u00e9clamations. Dans certaines circonstances et pour des raisons tenant \u00e0 leur situation particuli\u00e8re, les personnes concern\u00e9es peuvent s&rsquo;opposer au traitement de leurs donn\u00e9es. Dans ce cas, l&rsquo;entit\u00e9 cessera de traiter les donn\u00e9es, sauf pour des raisons l\u00e9gitimes imp\u00e9rieuses, ou pour l&rsquo;exercice ou la d\u00e9fense d&rsquo;\u00e9ventuelles r\u00e9clamations.<\/p>\n\n<p>Si vous avez donn\u00e9 votre consentement pour une finalit\u00e9 sp\u00e9cifique, vous avez le droit de le retirer \u00e0 tout moment, sans que cela n&rsquo;affecte la l\u00e9galit\u00e9 du traitement fond\u00e9 sur votre consentement avant son retrait.<\/p>\n\n<p>Pour ce faire, vous pouvez utiliser les formulaires fournis par l&rsquo;entreprise ou \u00e9crire \u00e0 TESELA, Materiales, Innovaci\u00f3n y Patrimonio. S.L. &#8211; C\/ Calle Angustias, 99 Modulo C2, C. Angustias, 18640 Padul, Granada, vous pouvez \u00e9galement envoyer un courrier \u00e9lectronique :<\/p>\n\n<p><a href=\"mailto:info@teselainnova.com\">info@teselainnova.com<\/a><\/p>\n\n<p>Conform\u00e9ment aux dispositions de l&rsquo;article 21 de la loi 34\/2002 sur les services de la soci\u00e9t\u00e9 de l&rsquo;information et le commerce \u00e9lectronique, si vous ne souhaitez plus recevoir d&rsquo;informations sur nos services, vous pouvez vous d\u00e9sinscrire \u00e0 l&rsquo;adresse \u00e9lectronique suivante de l&rsquo;entit\u00e9, en indiquant dans l&rsquo;objet \u00ab\u00a0Ne pas envoyer de courrier\u00a0\u00bb.<\/p>\n\n<h4 class=\"wp-block-heading\"><strong>Origine des donn\u00e9es<\/strong><\/h4>\n\n<p>Les donn\u00e9es personnelles que nous traitons \u00e0 TESELA, Materiales, Innovaci\u00f3n y Patrimonio. S.L. viennent directement de vous :<\/p>\n\n<p>Les cat\u00e9gories de donn\u00e9es trait\u00e9es sont les suivantes :<\/p>\n\n<ul class=\"wp-block-list\">\n<li> Donn\u00e9es d&rsquo;identification<\/li>\n\n\n\n<li> Adresses postales ou \u00e9lectroniques<\/li>\n\n\n\n<li> Informations commerciales<\/li>\n\n\n\n<li> Donn\u00e9es \u00e9conomiques<\/li>\n<\/ul>\n\n<p>Aucune donn\u00e9e sp\u00e9cialement prot\u00e9g\u00e9e n&rsquo;est trait\u00e9e.<\/p>\n","protected":false},"excerpt":{"rendered":"<p>Responsable TESELA, Materiales, Innovaci\u00f3n y Patrimonio. S.L. \u2013 CIF: B19583491, Dir. Postal: C\/ Calle Angustias, 99 Modulo C2, C. Angustias, 18640 Padul, Granada, T\u00e9l\u00e9phone: 644376410, E-Mail: info@teselainnova.com Coordonn\u00e9es du d\u00e9l\u00e9gu\u00e9 \u00e0 la protection des donn\u00e9es : Aucun d\u00e9l\u00e9gu\u00e9 n&rsquo;est disponible. Objectifs Description d\u00e9taill\u00e9e de la ou des finalit\u00e9s du traitement : Nous traiterons vos donn\u00e9es [&hellip;]<\/p>\n","protected":false},"author":1,"featured_media":2212,"parent":0,"menu_order":998,"comment_status":"closed","ping_status":"closed","template":"page-ambito-children.php","meta":{"_acf_changed":false,"footnotes":""},"class_list":["post-2050","page","type-page","status-publish","has-post-thumbnail","hentry"],"acf":[],"_links":{"self":[{"href":"https:\/\/teselainnova.com\/fr\/wp-json\/wp\/v2\/pages\/2050","targetHints":{"allow":["GET"]}}],"collection":[{"href":"https:\/\/teselainnova.com\/fr\/wp-json\/wp\/v2\/pages"}],"about":[{"href":"https:\/\/teselainnova.com\/fr\/wp-json\/wp\/v2\/types\/page"}],"author":[{"embeddable":true,"href":"https:\/\/teselainnova.com\/fr\/wp-json\/wp\/v2\/users\/1"}],"replies":[{"embeddable":true,"href":"https:\/\/teselainnova.com\/fr\/wp-json\/wp\/v2\/comments?post=2050"}],"version-history":[{"count":0,"href":"https:\/\/teselainnova.com\/fr\/wp-json\/wp\/v2\/pages\/2050\/revisions"}],"wp:featuredmedia":[{"embeddable":true,"href":"https:\/\/teselainnova.com\/fr\/wp-json\/wp\/v2\/media\/2212"}],"wp:attachment":[{"href":"https:\/\/teselainnova.com\/fr\/wp-json\/wp\/v2\/media?parent=2050"}],"curies":[{"name":"wp","href":"https:\/\/api.w.org\/{rel}","templated":true}]}}